{"id":40574,"date":"2024-09-12T13:45:17","date_gmt":"2024-09-12T18:45:17","guid":{"rendered":"https:\/\/learn.gthu.org\/?post_type=product&#038;p=40574"},"modified":"2026-03-23T15:51:09","modified_gmt":"2026-03-23T20:51:09","slug":"mental-health-coach","status":"publish","type":"product","link":"https:\/\/learn.gthu.org\/es\/producto\/mental-health-coach\/","title":{"rendered":"Entrenador de salud mental"},"content":{"rendered":"<p>Nuestra formaci\u00f3n para entrenadores de salud mental le proporciona informaci\u00f3n, habilidades, situaciones pr\u00e1cticas y medidas pr\u00e1cticas que guiar\u00e1n su entrenamiento en salud mental en su comunidad. Ayude a renovar las mentes de aquellos que luchan con su salud mental. Te ense\u00f1aremos a ofrecer ayuda, esperanza y aliento a aquellos que necesitan orientaci\u00f3n a lo largo de su viaje hacia la recuperaci\u00f3n de la salud mental y el bienestar.<\/p>\n<p><strong>Este curso incluye:\u00a0<\/strong><\/p>\n<ul>\n<li>Formaci\u00f3n para entrenadores de salud mental con informaci\u00f3n esencial, herramientas, escenarios y pasos pr\u00e1cticos.<\/li>\n<li>Una formaci\u00f3n especializada en un \u00e1rea de su elecci\u00f3n.<\/li>\n<li>Un ejemplar gratuito de\u00a0<i>reImagine: Un enfoque hol\u00edstico del bienestar mental y la recuperaci\u00f3n<\/i> de Matthew Stanford Ph.D. y Joe Padilla, un libro de trabajo que puedes utilizar para guiar tu pr\u00e1ctica de Coach de Salud Mental.<\/li>\n<li>Plan de estudios gratuito de Transformed Groups para dirigir grupos de apoyo.<\/li>\n<li>Acceso a un mapa comunitario, donde puede compartir sus datos de contacto y acceder a otros recursos de su zona.<\/li>\n<li>Acceso al foro de entrenadores de salud mental, donde podr\u00e1s ponerte en contacto con otros entrenadores de salud mental.<\/li>\n<\/ul>","protected":false},"excerpt":{"rendered":"<p>\u00bfDesea ampliar su formaci\u00f3n en salud mental? La Formaci\u00f3n de Entrenadores en Salud Mental le prepara a usted y a las comunidades religiosas para responder con compasi\u00f3n a trav\u00e9s de nuestra formaci\u00f3n basada en pruebas para ayudar a las personas con trastornos mentales, prestar apoyo y servir como un recurso de salud mental para su organizaci\u00f3n. Tambi\u00e9n aprender\u00e1 a mantener la \u00e9tica y la confidencialidad, y a comprender los l\u00edmites de la confidencialidad.<\/p>\n<p>Ofrecemos un curso en l\u00ednea que incluye coaching en salud mental y una especializaci\u00f3n en un \u00e1rea de su elecci\u00f3n. Los cursos de especializaci\u00f3n est\u00e1n disponibles en las siguientes \u00e1reas: Adicciones y trastornos de salud conductual, Salud mental infantil y adolescente, Envejecimiento y atenci\u00f3n a personas mayores, y Trauma. Recibir\u00e1s una certificaci\u00f3n al final de esta formaci\u00f3n.<\/p>\n<p><strong><span style=\"color: #25989e;\">Su curso incluye una formaci\u00f3n especializada. Elija una de las siguientes formaciones.<\/span> Las formaciones especializadas adicionales cuestan $50,00 cada una.<\/strong><\/p>","protected":false},"featured_media":30974,"comment_status":"open","ping_status":"closed","template":"","meta":{"_acf_changed":false,"_seopress_robots_primary_cat":"none","_seopress_titles_title":"","_seopress_titles_desc":"","_seopress_robots_index":"","_uag_custom_page_level_css":""},"product_brand":[],"product_cat":[299],"product_tag":[],"class_list":{"0":"post-40574","1":"product","2":"type-product","3":"status-publish","4":"has-post-thumbnail","6":"product_cat-english-courses","8":"first","9":"instock","10":"virtual","11":"sold-individually","12":"purchasable","13":"product-type-simple"},"acf":[],"uagb_featured_image_src":{"full":["https:\/\/learn.gthu.org\/wp-content\/uploads\/2024\/06\/mental-health-coach.jpg?wsr",500,500,false],"thumbnail":["https:\/\/learn.gthu.org\/wp-content\/uploads\/2024\/06\/mental-health-coach-150x150.jpg?wsr",150,150,true],"medium":["https:\/\/learn.gthu.org\/wp-content\/uploads\/2024\/06\/mental-health-coach-300x300.jpg?wsr",300,300,true],"medium_large":["https:\/\/learn.gthu.org\/wp-content\/uploads\/2024\/06\/mental-health-coach.jpg?wsr",500,500,false],"large":["https:\/\/learn.gthu.org\/wp-content\/uploads\/2024\/06\/mental-health-coach.jpg?wsr",500,500,false],"1536x1536":["https:\/\/learn.gthu.org\/wp-content\/uploads\/2024\/06\/mental-health-coach.jpg?wsr",500,500,false],"2048x2048":["https:\/\/learn.gthu.org\/wp-content\/uploads\/2024\/06\/mental-health-coach.jpg?wsr",500,500,false],"trp-custom-language-flag":["https:\/\/learn.gthu.org\/wp-content\/uploads\/2024\/06\/mental-health-coach.jpg?wsr",12,12,false],"post-thumbnail":["https:\/\/learn.gthu.org\/wp-content\/uploads\/2024\/06\/mental-health-coach.jpg?wsr",500,500,false],"gform-image-choice-sm":["https:\/\/learn.gthu.org\/wp-content\/uploads\/2024\/06\/mental-health-coach.jpg?wsr",300,300,false],"gform-image-choice-md":["https:\/\/learn.gthu.org\/wp-content\/uploads\/2024\/06\/mental-health-coach.jpg?wsr",400,400,false],"gform-image-choice-lg":["https:\/\/learn.gthu.org\/wp-content\/uploads\/2024\/06\/mental-health-coach.jpg?wsr",500,500,false],"woocommerce_thumbnail":["https:\/\/learn.gthu.org\/wp-content\/uploads\/2024\/06\/mental-health-coach-300x300.jpg?wsr",300,300,true],"woocommerce_single":["https:\/\/learn.gthu.org\/wp-content\/uploads\/2024\/06\/mental-health-coach.jpg?wsr",500,500,false],"woocommerce_gallery_thumbnail":["https:\/\/learn.gthu.org\/wp-content\/uploads\/2024\/06\/mental-health-coach-100x100.jpg?wsr",100,100,true]},"uagb_author_info":{"display_name":"giannis","author_link":"https:\/\/learn.gthu.org\/es\/author\/"},"uagb_comment_info":0,"uagb_excerpt":"Looking to further your mental health education? Mental Health Coach Training equips you and faith communities to respond compassionately through our evidence-based training to help those in mental distress, lend support, and serve as a mental health resource to their organization. You\u2019ll also learn to uphold ethics and confidentiality, and understand confidentiality limits. We offer&hellip;","_links":{"self":[{"href":"https:\/\/learn.gthu.org\/es\/wp-json\/wp\/v2\/product\/40574","targetHints":{"allow":["GET"]}}],"collection":[{"href":"https:\/\/learn.gthu.org\/es\/wp-json\/wp\/v2\/product"}],"about":[{"href":"https:\/\/learn.gthu.org\/es\/wp-json\/wp\/v2\/types\/product"}],"replies":[{"embeddable":true,"href":"https:\/\/learn.gthu.org\/es\/wp-json\/wp\/v2\/comments?post=40574"}],"wp:featuredmedia":[{"embeddable":true,"href":"https:\/\/learn.gthu.org\/es\/wp-json\/wp\/v2\/media\/30974"}],"wp:attachment":[{"href":"https:\/\/learn.gthu.org\/es\/wp-json\/wp\/v2\/media?parent=40574"}],"wp:term":[{"taxonomy":"product_brand","embeddable":true,"href":"https:\/\/learn.gthu.org\/es\/wp-json\/wp\/v2\/product_brand?post=40574"},{"taxonomy":"product_cat","embeddable":true,"href":"https:\/\/learn.gthu.org\/es\/wp-json\/wp\/v2\/product_cat?post=40574"},{"taxonomy":"product_tag","embeddable":true,"href":"https:\/\/learn.gthu.org\/es\/wp-json\/wp\/v2\/product_tag?post=40574"}],"curies":[{"name":"wp","href":"https:\/\/api.w.org\/{rel}","templated":true}]}}