{"id":39304,"date":"2024-08-15T12:38:06","date_gmt":"2024-08-15T17:38:06","guid":{"rendered":"https:\/\/learn.gthu.org\/?post_type=product&#038;p=39304"},"modified":"2025-02-12T16:52:33","modified_gmt":"2025-02-12T22:52:33","slug":"envejecimiento-y-cuidado-de-personas-majoras","status":"publish","type":"product","link":"https:\/\/learn.gthu.org\/es\/producto\/envejecimiento-y-cuidado-de-personas-majoras\/","title":{"rendered":"Envejecimiento y cuidado de personas mayores"},"content":{"rendered":"","protected":false},"excerpt":{"rendered":"<p>Envejecer no es f\u00e1cil. Hay muchas experiencias a las que se enfrentan las personas mayores, como los problemas de salud relacionados con la edad o la p\u00e9rdida de seres queridos, que suponen un gran reto para la salud mental. 1 de cada 9 personas mayores de 65 a\u00f1os padece demencia, y hasta el 25% de todas las personas que reciben cuidados de larga duraci\u00f3n sufren depresi\u00f3n. El 50% no recibe tratamiento.<\/p>\n<p>En este curso de especializaci\u00f3n para entrenadores de salud mental, compartimos c\u00f3mo apoyar a los ancianos y a sus cuidadores. Aprender\u00e1 a apoyar a 1 de cada 5 adultos de su comunidad que prestan cuidados en el hogar, as\u00ed como a los muchos otros que lo hacen de forma profesional. Compartiremos consideraciones \u00e9ticas y c\u00f3mo ayudar a los ancianos a mantener la autonom\u00eda y la autodeterminaci\u00f3n en las decisiones sanitarias. Y compartiremos ideas sobre c\u00f3mo fomentar la resiliencia en los mayores, incluyendo c\u00f3mo fomentar la narraci\u00f3n de historias y la espiritualidad para ayudar a los mayores a expresar lo que les importa.<\/p>\n<p><strong>La formaci\u00f3n de entrenador de salud mental es un requisito previo para este curso.<\/strong><\/p>","protected":false},"featured_media":35569,"comment_status":"closed","ping_status":"closed","template":"","meta":{"_acf_changed":false,"_seopress_robots_primary_cat":"none","_seopress_titles_title":"","_seopress_titles_desc":"","_seopress_robots_index":"","_uag_custom_page_level_css":""},"product_brand":[],"product_cat":[302,305],"product_tag":[],"class_list":{"0":"post-39304","1":"product","2":"type-product","3":"status-publish","4":"has-post-thumbnail","6":"product_cat-spanish-courses","7":"product_cat-speciality-courses","9":"first","10":"instock","11":"virtual","12":"sold-individually","13":"purchasable","14":"product-type-simple"},"bundled_by":["40730"],"bundle_stock_status":"instock","bundle_stock_quantity":null,"bundle_virtual":false,"bundle_layout":"","bundle_add_to_cart_form_location":"","bundle_editable_in_cart":false,"bundle_sold_individually_context":"","bundle_item_grouping":"","bundle_min_size":"","bundle_max_size":"","bundle_price":[],"bundled_items":[],"bundle_sell_ids":[],"acf":[],"uagb_featured_image_src":{"full":["https:\/\/learn.gthu.org\/wp-content\/uploads\/2024\/06\/envejecimiento-y-cuidado-de-personas-mayores-amended.jpg?wsr",500,500,false],"thumbnail":["https:\/\/learn.gthu.org\/wp-content\/uploads\/2024\/06\/envejecimiento-y-cuidado-de-personas-mayores-amended-150x150.jpg?wsr",150,150,true],"medium":["https:\/\/learn.gthu.org\/wp-content\/uploads\/2024\/06\/envejecimiento-y-cuidado-de-personas-mayores-amended-300x300.jpg?wsr",300,300,true],"medium_large":["https:\/\/learn.gthu.org\/wp-content\/uploads\/2024\/06\/envejecimiento-y-cuidado-de-personas-mayores-amended.jpg?wsr",500,500,false],"large":["https:\/\/learn.gthu.org\/wp-content\/uploads\/2024\/06\/envejecimiento-y-cuidado-de-personas-mayores-amended.jpg?wsr",500,500,false],"1536x1536":["https:\/\/learn.gthu.org\/wp-content\/uploads\/2024\/06\/envejecimiento-y-cuidado-de-personas-mayores-amended.jpg?wsr",500,500,false],"2048x2048":["https:\/\/learn.gthu.org\/wp-content\/uploads\/2024\/06\/envejecimiento-y-cuidado-de-personas-mayores-amended.jpg?wsr",500,500,false],"trp-custom-language-flag":["https:\/\/learn.gthu.org\/wp-content\/uploads\/2024\/06\/envejecimiento-y-cuidado-de-personas-mayores-amended.jpg?wsr",12,12,false],"uo_course_image_size":["https:\/\/learn.gthu.org\/wp-content\/uploads\/2024\/06\/envejecimiento-y-cuidado-de-personas-mayores-amended-500x468.jpg?wsr",500,468,true],"post-thumbnail":["https:\/\/learn.gthu.org\/wp-content\/uploads\/2024\/06\/envejecimiento-y-cuidado-de-personas-mayores-amended.jpg?wsr",500,500,false],"gform-image-choice-sm":["https:\/\/learn.gthu.org\/wp-content\/uploads\/2024\/06\/envejecimiento-y-cuidado-de-personas-mayores-amended.jpg?wsr",300,300,false],"gform-image-choice-md":["https:\/\/learn.gthu.org\/wp-content\/uploads\/2024\/06\/envejecimiento-y-cuidado-de-personas-mayores-amended.jpg?wsr",400,400,false],"gform-image-choice-lg":["https:\/\/learn.gthu.org\/wp-content\/uploads\/2024\/06\/envejecimiento-y-cuidado-de-personas-mayores-amended.jpg?wsr",500,500,false],"woocommerce_thumbnail":["https:\/\/learn.gthu.org\/wp-content\/uploads\/2024\/06\/envejecimiento-y-cuidado-de-personas-mayores-amended-300x300.jpg?wsr",300,300,true],"woocommerce_single":["https:\/\/learn.gthu.org\/wp-content\/uploads\/2024\/06\/envejecimiento-y-cuidado-de-personas-mayores-amended.jpg?wsr",500,500,false],"woocommerce_gallery_thumbnail":["https:\/\/learn.gthu.org\/wp-content\/uploads\/2024\/06\/envejecimiento-y-cuidado-de-personas-mayores-amended-100x100.jpg?wsr",100,100,true]},"uagb_author_info":{"display_name":"PDX-Pat","author_link":"https:\/\/learn.gthu.org\/es\/author\/"},"uagb_comment_info":0,"uagb_excerpt":"Envejecer no es f\u00e1cil. Hay muchas experiencias a las que se enfrentan las personas mayores, como los problemas de salud relacionados con la edad o la p\u00e9rdida de seres queridos, que suponen un gran reto para la salud mental. 1 de cada 9 personas mayores de 65 a\u00f1os padece demencia, y hasta el 25% de&hellip;","_links":{"self":[{"href":"https:\/\/learn.gthu.org\/es\/wp-json\/wp\/v2\/product\/39304","targetHints":{"allow":["GET"]}}],"collection":[{"href":"https:\/\/learn.gthu.org\/es\/wp-json\/wp\/v2\/product"}],"about":[{"href":"https:\/\/learn.gthu.org\/es\/wp-json\/wp\/v2\/types\/product"}],"replies":[{"embeddable":true,"href":"https:\/\/learn.gthu.org\/es\/wp-json\/wp\/v2\/comments?post=39304"}],"wp:featuredmedia":[{"embeddable":true,"href":"https:\/\/learn.gthu.org\/es\/wp-json\/wp\/v2\/media\/35569"}],"wp:attachment":[{"href":"https:\/\/learn.gthu.org\/es\/wp-json\/wp\/v2\/media?parent=39304"}],"wp:term":[{"taxonomy":"product_brand","embeddable":true,"href":"https:\/\/learn.gthu.org\/es\/wp-json\/wp\/v2\/product_brand?post=39304"},{"taxonomy":"product_cat","embeddable":true,"href":"https:\/\/learn.gthu.org\/es\/wp-json\/wp\/v2\/product_cat?post=39304"},{"taxonomy":"product_tag","embeddable":true,"href":"https:\/\/learn.gthu.org\/es\/wp-json\/wp\/v2\/product_tag?post=39304"}],"curies":[{"name":"wp","href":"https:\/\/api.w.org\/{rel}","templated":true}]}}