{"id":39301,"date":"2024-08-04T12:37:46","date_gmt":"2024-08-04T17:37:46","guid":{"rendered":"https:\/\/learn.gthu.org\/?post_type=product&#038;p=39301"},"modified":"2025-02-12T16:56:41","modified_gmt":"2025-02-12T22:56:41","slug":"trauma-espanol","status":"publish","type":"product","link":"https:\/\/learn.gthu.org\/es\/producto\/trauma-espanol\/","title":{"rendered":"Trauma"},"content":{"rendered":"","protected":false},"excerpt":{"rendered":"<p>Se calcula que entre el 60 y el 70% de las personas sufren al menos un acontecimiento traum\u00e1tico a lo largo de su vida. Otras pueden sufrir un trauma en la infancia o enfrentarse a varios traumas a lo largo del tiempo. Estos acontecimientos pueden poner a prueba la capacidad de afrontamiento de una persona.<\/p>\n<p>En este curso de especializaci\u00f3n para entrenadores de salud mental, aprender\u00e1s a apoyar a las personas que tienen dificultades despu\u00e9s de una experiencia traum\u00e1tica. Aprender\u00e1s a reconocer los signos de trauma, incluidos los signos de trauma a largo plazo, TEPT y Experiencias Adversas en la Infancia, conocidas como ACES. Tambi\u00e9n aprender\u00e1 acerca de los tratamientos y c\u00f3mo remitir a alguien a un proveedor de salud mental \u00fatil. Adem\u00e1s, compartiremos habilidades para relacionarnos con personas que experimentan una respuesta traum\u00e1tica y apoyarlas para que puedan curarse de estas experiencias.<\/p>\n<p><strong>La formaci\u00f3n de entrenador de salud mental es un requisito previo para este curso.<\/strong><\/p>","protected":false},"featured_media":30995,"comment_status":"closed","ping_status":"closed","template":"","meta":{"_acf_changed":false,"_seopress_robots_primary_cat":"none","_seopress_titles_title":"","_seopress_titles_desc":"","_seopress_robots_index":"","_uag_custom_page_level_css":""},"product_brand":[],"product_cat":[302,305],"product_tag":[],"class_list":{"0":"post-39301","1":"product","2":"type-product","3":"status-publish","4":"has-post-thumbnail","6":"product_cat-spanish-courses","7":"product_cat-speciality-courses","9":"first","10":"instock","11":"virtual","12":"sold-individually","13":"purchasable","14":"product-type-simple"},"bundled_by":["40730"],"bundle_stock_status":"instock","bundle_stock_quantity":null,"bundle_virtual":false,"bundle_layout":"","bundle_add_to_cart_form_location":"","bundle_editable_in_cart":false,"bundle_sold_individually_context":"","bundle_item_grouping":"","bundle_min_size":"","bundle_max_size":"","bundle_price":[],"bundled_items":[],"bundle_sell_ids":[],"acf":[],"uagb_featured_image_src":{"full":["https:\/\/learn.gthu.org\/wp-content\/uploads\/2022\/09\/trauma.jpg?wsr",500,500,false],"thumbnail":["https:\/\/learn.gthu.org\/wp-content\/uploads\/2022\/09\/trauma-150x150.jpg?wsr",150,150,true],"medium":["https:\/\/learn.gthu.org\/wp-content\/uploads\/2022\/09\/trauma-300x300.jpg?wsr",300,300,true],"medium_large":["https:\/\/learn.gthu.org\/wp-content\/uploads\/2022\/09\/trauma.jpg?wsr",500,500,false],"large":["https:\/\/learn.gthu.org\/wp-content\/uploads\/2022\/09\/trauma.jpg?wsr",500,500,false],"1536x1536":["https:\/\/learn.gthu.org\/wp-content\/uploads\/2022\/09\/trauma.jpg?wsr",500,500,false],"2048x2048":["https:\/\/learn.gthu.org\/wp-content\/uploads\/2022\/09\/trauma.jpg?wsr",500,500,false],"trp-custom-language-flag":["https:\/\/learn.gthu.org\/wp-content\/uploads\/2022\/09\/trauma.jpg?wsr",12,12,false],"uo_course_image_size":["https:\/\/learn.gthu.org\/wp-content\/uploads\/2022\/09\/trauma-500x468.jpg?wsr",500,468,true],"post-thumbnail":["https:\/\/learn.gthu.org\/wp-content\/uploads\/2022\/09\/trauma.jpg?wsr",500,500,false],"gform-image-choice-sm":["https:\/\/learn.gthu.org\/wp-content\/uploads\/2022\/09\/trauma.jpg?wsr",300,300,false],"gform-image-choice-md":["https:\/\/learn.gthu.org\/wp-content\/uploads\/2022\/09\/trauma.jpg?wsr",400,400,false],"gform-image-choice-lg":["https:\/\/learn.gthu.org\/wp-content\/uploads\/2022\/09\/trauma.jpg?wsr",500,500,false],"woocommerce_thumbnail":["https:\/\/learn.gthu.org\/wp-content\/uploads\/2022\/09\/trauma-300x300.jpg?wsr",300,300,true],"woocommerce_single":["https:\/\/learn.gthu.org\/wp-content\/uploads\/2022\/09\/trauma.jpg?wsr",500,500,false],"woocommerce_gallery_thumbnail":["https:\/\/learn.gthu.org\/wp-content\/uploads\/2022\/09\/trauma-100x100.jpg?wsr",100,100,true]},"uagb_author_info":{"display_name":"PDX-Pat","author_link":"https:\/\/learn.gthu.org\/es\/author\/"},"uagb_comment_info":0,"uagb_excerpt":"Se calcula que entre el 60 y el 70% de las personas sufren al menos un acontecimiento traum\u00e1tico a lo largo de su vida. Otras pueden sufrir un trauma en la infancia o enfrentarse a varios traumas a lo largo del tiempo. Estos acontecimientos pueden poner a prueba la capacidad de afrontamiento de una persona.&hellip;","_links":{"self":[{"href":"https:\/\/learn.gthu.org\/es\/wp-json\/wp\/v2\/product\/39301","targetHints":{"allow":["GET"]}}],"collection":[{"href":"https:\/\/learn.gthu.org\/es\/wp-json\/wp\/v2\/product"}],"about":[{"href":"https:\/\/learn.gthu.org\/es\/wp-json\/wp\/v2\/types\/product"}],"replies":[{"embeddable":true,"href":"https:\/\/learn.gthu.org\/es\/wp-json\/wp\/v2\/comments?post=39301"}],"wp:featuredmedia":[{"embeddable":true,"href":"https:\/\/learn.gthu.org\/es\/wp-json\/wp\/v2\/media\/30995"}],"wp:attachment":[{"href":"https:\/\/learn.gthu.org\/es\/wp-json\/wp\/v2\/media?parent=39301"}],"wp:term":[{"taxonomy":"product_brand","embeddable":true,"href":"https:\/\/learn.gthu.org\/es\/wp-json\/wp\/v2\/product_brand?post=39301"},{"taxonomy":"product_cat","embeddable":true,"href":"https:\/\/learn.gthu.org\/es\/wp-json\/wp\/v2\/product_cat?post=39301"},{"taxonomy":"product_tag","embeddable":true,"href":"https:\/\/learn.gthu.org\/es\/wp-json\/wp\/v2\/product_tag?post=39301"}],"curies":[{"name":"wp","href":"https:\/\/api.w.org\/{rel}","templated":true}]}}