{"id":39296,"date":"2024-09-14T12:28:17","date_gmt":"2024-09-14T17:28:17","guid":{"rendered":"https:\/\/learn.gthu.org\/?post_type=product&#038;p=39296"},"modified":"2025-02-12T16:19:22","modified_gmt":"2025-02-12T22:19:22","slug":"child-and-adolescent-mental-health","status":"publish","type":"product","link":"https:\/\/learn.gthu.org\/es\/producto\/child-and-adolescent-mental-health\/","title":{"rendered":"Salud mental de ni\u00f1os y adolescentes"},"content":{"rendered":"","protected":false},"excerpt":{"rendered":"<p>La mitad de los trastornos mentales cr\u00f3nicos comienzan antes de los 14 a\u00f1os y tres cuartas partes antes de los 24 a\u00f1os. La mayor\u00eda de las personas no reciben tratamiento. Para los que tienen la suerte de recibir tratamiento, la media de tiempo entre el inicio y el tratamiento es de 11 a\u00f1os. Imaginemos una chica de 15 a\u00f1os con un trastorno alimentario que no recibe tratamiento hasta los 26 a\u00f1os.<\/p>\n<p>En este curso de especializaci\u00f3n para entrenadores de salud mental, aprender\u00e1 a ayudar a identificar precozmente las dificultades de salud mental o conductual y a poner en contacto a la familia con el tratamiento y el apoyo adecuados. Tambi\u00e9n obtendr\u00e1 habilidades, herramientas y recursos para apoyar a los padres y cuidadores, para que puedan apoyar a sus hijos. Adem\u00e1s, aprender\u00e1 a educar y apoyar a las familias para que puedan crear un entorno en casa que favorezca el bienestar mental de sus ni\u00f1os y adolescentes.<\/p>\n<p><strong>La formaci\u00f3n de entrenador de salud mental es un requisito previo para este curso.<\/strong><\/p>","protected":false},"featured_media":30968,"comment_status":"closed","ping_status":"closed","template":"","meta":{"_acf_changed":false,"_seopress_robots_primary_cat":"none","_seopress_titles_title":"","_seopress_titles_desc":"","_seopress_robots_index":"","_uag_custom_page_level_css":""},"product_brand":[],"product_cat":[299,305],"product_tag":[],"class_list":{"0":"post-39296","1":"product","2":"type-product","3":"status-publish","4":"has-post-thumbnail","6":"product_cat-english-courses","7":"product_cat-speciality-courses","9":"first","10":"instock","11":"virtual","12":"sold-individually","13":"purchasable","14":"product-type-simple"},"bundled_by":["40574"],"bundle_stock_status":"instock","bundle_stock_quantity":null,"bundle_virtual":false,"bundle_layout":"","bundle_add_to_cart_form_location":"","bundle_editable_in_cart":false,"bundle_sold_individually_context":"","bundle_item_grouping":"","bundle_min_size":"","bundle_max_size":"","bundle_price":[],"bundled_items":[],"bundle_sell_ids":[],"acf":[],"uagb_featured_image_src":{"full":["https:\/\/learn.gthu.org\/wp-content\/uploads\/2024\/06\/child-and-adolescent.jpg?wsr",500,500,false],"thumbnail":["https:\/\/learn.gthu.org\/wp-content\/uploads\/2024\/06\/child-and-adolescent-150x150.jpg?wsr",150,150,true],"medium":["https:\/\/learn.gthu.org\/wp-content\/uploads\/2024\/06\/child-and-adolescent-300x300.jpg?wsr",300,300,true],"medium_large":["https:\/\/learn.gthu.org\/wp-content\/uploads\/2024\/06\/child-and-adolescent.jpg?wsr",500,500,false],"large":["https:\/\/learn.gthu.org\/wp-content\/uploads\/2024\/06\/child-and-adolescent.jpg?wsr",500,500,false],"1536x1536":["https:\/\/learn.gthu.org\/wp-content\/uploads\/2024\/06\/child-and-adolescent.jpg?wsr",500,500,false],"2048x2048":["https:\/\/learn.gthu.org\/wp-content\/uploads\/2024\/06\/child-and-adolescent.jpg?wsr",500,500,false],"trp-custom-language-flag":["https:\/\/learn.gthu.org\/wp-content\/uploads\/2024\/06\/child-and-adolescent.jpg?wsr",12,12,false],"uo_course_image_size":["https:\/\/learn.gthu.org\/wp-content\/uploads\/2024\/06\/child-and-adolescent-500x468.jpg?wsr",500,468,true],"post-thumbnail":["https:\/\/learn.gthu.org\/wp-content\/uploads\/2024\/06\/child-and-adolescent.jpg?wsr",500,500,false],"gform-image-choice-sm":["https:\/\/learn.gthu.org\/wp-content\/uploads\/2024\/06\/child-and-adolescent.jpg?wsr",300,300,false],"gform-image-choice-md":["https:\/\/learn.gthu.org\/wp-content\/uploads\/2024\/06\/child-and-adolescent.jpg?wsr",400,400,false],"gform-image-choice-lg":["https:\/\/learn.gthu.org\/wp-content\/uploads\/2024\/06\/child-and-adolescent.jpg?wsr",500,500,false],"woocommerce_thumbnail":["https:\/\/learn.gthu.org\/wp-content\/uploads\/2024\/06\/child-and-adolescent-300x300.jpg?wsr",300,300,true],"woocommerce_single":["https:\/\/learn.gthu.org\/wp-content\/uploads\/2024\/06\/child-and-adolescent.jpg?wsr",500,500,false],"woocommerce_gallery_thumbnail":["https:\/\/learn.gthu.org\/wp-content\/uploads\/2024\/06\/child-and-adolescent-100x100.jpg?wsr",100,100,true]},"uagb_author_info":{"display_name":"PDX-Pat","author_link":"https:\/\/learn.gthu.org\/es\/author\/"},"uagb_comment_info":0,"uagb_excerpt":"Half of all chronic mental health conditions begin by 14 years of age and three-quarters begin by the age of 24. The majority of individuals will receive no treatment. For those lucky enough to receive treatment, the average length of time between onset and treatment is 11 years. Imagine a 15-year-old girl with an eating&hellip;","_links":{"self":[{"href":"https:\/\/learn.gthu.org\/es\/wp-json\/wp\/v2\/product\/39296","targetHints":{"allow":["GET"]}}],"collection":[{"href":"https:\/\/learn.gthu.org\/es\/wp-json\/wp\/v2\/product"}],"about":[{"href":"https:\/\/learn.gthu.org\/es\/wp-json\/wp\/v2\/types\/product"}],"replies":[{"embeddable":true,"href":"https:\/\/learn.gthu.org\/es\/wp-json\/wp\/v2\/comments?post=39296"}],"wp:featuredmedia":[{"embeddable":true,"href":"https:\/\/learn.gthu.org\/es\/wp-json\/wp\/v2\/media\/30968"}],"wp:attachment":[{"href":"https:\/\/learn.gthu.org\/es\/wp-json\/wp\/v2\/media?parent=39296"}],"wp:term":[{"taxonomy":"product_brand","embeddable":true,"href":"https:\/\/learn.gthu.org\/es\/wp-json\/wp\/v2\/product_brand?post=39296"},{"taxonomy":"product_cat","embeddable":true,"href":"https:\/\/learn.gthu.org\/es\/wp-json\/wp\/v2\/product_cat?post=39296"},{"taxonomy":"product_tag","embeddable":true,"href":"https:\/\/learn.gthu.org\/es\/wp-json\/wp\/v2\/product_tag?post=39296"}],"curies":[{"name":"wp","href":"https:\/\/api.w.org\/{rel}","templated":true}]}}