{"id":39293,"date":"2024-09-16T12:25:21","date_gmt":"2024-09-16T17:25:21","guid":{"rendered":"https:\/\/learn.gthu.org\/?post_type=product&#038;p=39293"},"modified":"2025-02-12T16:15:23","modified_gmt":"2025-02-12T22:15:23","slug":"addiction-and-behavioral-health-disorders","status":"publish","type":"product","link":"https:\/\/learn.gthu.org\/es\/producto\/addiction-and-behavioral-health-disorders\/","title":{"rendered":"Adicci\u00f3n y trastornos de salud conductual"},"content":{"rendered":"","protected":false},"excerpt":{"rendered":"<p>Los trastornos del comportamiento y por consumo de sustancias pueden afectar considerablemente a la calidad de vida, las relaciones y el bienestar general. Estos trastornos son muy frecuentes y a menudo no se tratan.<\/p>\n<p>En este curso de especializaci\u00f3n para entrenadores de salud mental, aprender\u00e1s la diferencia entre salud mental y conductual. Hablaremos de la adicci\u00f3n, no s\u00f3lo a las sustancias, sino tambi\u00e9n a las compras, los juegos de azar y las apuestas, y del papel que desempe\u00f1a el sistema de recompensa dopamin\u00e9rgico del cuerpo en la adicci\u00f3n. Tambi\u00e9n hablaremos de los trastornos alimentarios y las autolesiones. Y aprender\u00e1 a guiar a las personas hacia una recuperaci\u00f3n duradera y el bienestar emocional.<\/p>\n<p><strong>La formaci\u00f3n de entrenador de salud mental es un requisito previo para este curso.<\/strong><\/p>","protected":false},"featured_media":35632,"comment_status":"closed","ping_status":"closed","template":"","meta":{"_acf_changed":false,"_seopress_robots_primary_cat":"none","_seopress_titles_title":"","_seopress_titles_desc":"","_seopress_robots_index":"","_uag_custom_page_level_css":""},"product_brand":[],"product_cat":[299,305],"product_tag":[],"class_list":{"0":"post-39293","1":"product","2":"type-product","3":"status-publish","4":"has-post-thumbnail","6":"product_cat-english-courses","7":"product_cat-speciality-courses","9":"first","10":"instock","11":"virtual","12":"sold-individually","13":"purchasable","14":"product-type-simple"},"bundled_by":["40574"],"bundle_stock_status":"instock","bundle_stock_quantity":null,"bundle_virtual":false,"bundle_layout":"","bundle_add_to_cart_form_location":"","bundle_editable_in_cart":false,"bundle_sold_individually_context":"","bundle_item_grouping":"","bundle_min_size":"","bundle_max_size":"","bundle_price":[],"bundled_items":[],"bundle_sell_ids":[],"acf":[],"uagb_featured_image_src":{"full":["https:\/\/learn.gthu.org\/wp-content\/uploads\/2024\/01\/addiction-and-behavioral-health-amended-2.jpg?wsr",500,500,false],"thumbnail":["https:\/\/learn.gthu.org\/wp-content\/uploads\/2024\/01\/addiction-and-behavioral-health-amended-2-150x150.jpg?wsr",150,150,true],"medium":["https:\/\/learn.gthu.org\/wp-content\/uploads\/2024\/01\/addiction-and-behavioral-health-amended-2-300x300.jpg?wsr",300,300,true],"medium_large":["https:\/\/learn.gthu.org\/wp-content\/uploads\/2024\/01\/addiction-and-behavioral-health-amended-2.jpg?wsr",500,500,false],"large":["https:\/\/learn.gthu.org\/wp-content\/uploads\/2024\/01\/addiction-and-behavioral-health-amended-2.jpg?wsr",500,500,false],"1536x1536":["https:\/\/learn.gthu.org\/wp-content\/uploads\/2024\/01\/addiction-and-behavioral-health-amended-2.jpg?wsr",500,500,false],"2048x2048":["https:\/\/learn.gthu.org\/wp-content\/uploads\/2024\/01\/addiction-and-behavioral-health-amended-2.jpg?wsr",500,500,false],"trp-custom-language-flag":["https:\/\/learn.gthu.org\/wp-content\/uploads\/2024\/01\/addiction-and-behavioral-health-amended-2.jpg?wsr",12,12,false],"uo_course_image_size":["https:\/\/learn.gthu.org\/wp-content\/uploads\/2024\/01\/addiction-and-behavioral-health-amended-2-500x468.jpg?wsr",500,468,true],"post-thumbnail":["https:\/\/learn.gthu.org\/wp-content\/uploads\/2024\/01\/addiction-and-behavioral-health-amended-2.jpg?wsr",500,500,false],"gform-image-choice-sm":["https:\/\/learn.gthu.org\/wp-content\/uploads\/2024\/01\/addiction-and-behavioral-health-amended-2.jpg?wsr",300,300,false],"gform-image-choice-md":["https:\/\/learn.gthu.org\/wp-content\/uploads\/2024\/01\/addiction-and-behavioral-health-amended-2.jpg?wsr",400,400,false],"gform-image-choice-lg":["https:\/\/learn.gthu.org\/wp-content\/uploads\/2024\/01\/addiction-and-behavioral-health-amended-2.jpg?wsr",500,500,false],"woocommerce_thumbnail":["https:\/\/learn.gthu.org\/wp-content\/uploads\/2024\/01\/addiction-and-behavioral-health-amended-2-300x300.jpg?wsr",300,300,true],"woocommerce_single":["https:\/\/learn.gthu.org\/wp-content\/uploads\/2024\/01\/addiction-and-behavioral-health-amended-2.jpg?wsr",500,500,false],"woocommerce_gallery_thumbnail":["https:\/\/learn.gthu.org\/wp-content\/uploads\/2024\/01\/addiction-and-behavioral-health-amended-2-100x100.jpg?wsr",100,100,true]},"uagb_author_info":{"display_name":"PDX-Pat","author_link":"https:\/\/learn.gthu.org\/es\/author\/"},"uagb_comment_info":0,"uagb_excerpt":"Behavioral health and substance use disorders can significantly impact one\u2019s quality of life, relationships, and overall well-being. These disorders are very common and often go untreated. In this specialization course for Mental Health Coaches, you\u2019ll learn the difference between mental and behavioral health. We discuss addiction, not just to substances, but also to shopping, gaming&hellip;","_links":{"self":[{"href":"https:\/\/learn.gthu.org\/es\/wp-json\/wp\/v2\/product\/39293","targetHints":{"allow":["GET"]}}],"collection":[{"href":"https:\/\/learn.gthu.org\/es\/wp-json\/wp\/v2\/product"}],"about":[{"href":"https:\/\/learn.gthu.org\/es\/wp-json\/wp\/v2\/types\/product"}],"replies":[{"embeddable":true,"href":"https:\/\/learn.gthu.org\/es\/wp-json\/wp\/v2\/comments?post=39293"}],"wp:featuredmedia":[{"embeddable":true,"href":"https:\/\/learn.gthu.org\/es\/wp-json\/wp\/v2\/media\/35632"}],"wp:attachment":[{"href":"https:\/\/learn.gthu.org\/es\/wp-json\/wp\/v2\/media?parent=39293"}],"wp:term":[{"taxonomy":"product_brand","embeddable":true,"href":"https:\/\/learn.gthu.org\/es\/wp-json\/wp\/v2\/product_brand?post=39293"},{"taxonomy":"product_cat","embeddable":true,"href":"https:\/\/learn.gthu.org\/es\/wp-json\/wp\/v2\/product_cat?post=39293"},{"taxonomy":"product_tag","embeddable":true,"href":"https:\/\/learn.gthu.org\/es\/wp-json\/wp\/v2\/product_tag?post=39293"}],"curies":[{"name":"wp","href":"https:\/\/api.w.org\/{rel}","templated":true}]}}