{"id":71954,"date":"2025-11-20T12:51:00","date_gmt":"2025-11-20T18:51:00","guid":{"rendered":"https:\/\/learn.gthu.org\/?page_id=71954"},"modified":"2025-11-20T16:22:33","modified_gmt":"2025-11-20T22:22:33","slug":"madness-grace-discussion-guide-2","status":"publish","type":"page","link":"https:\/\/learn.gthu.org\/es\/madness-grace-discussion-guide-2\/","title":{"rendered":"Locura y Gracia Gu\u00eda de debate"},"content":{"rendered":"<div data-elementor-type=\"wp-page\" data-elementor-id=\"71954\" class=\"elementor elementor-71954\" data-elementor-post-type=\"page\">\n\t\t\t\t<div class=\"elementor-element elementor-element-e3fa48d e-con-full e-flex e-con e-parent\" data-id=\"e3fa48d\" data-element_type=\"container\" data-e-type=\"container\" data-settings=\"{&quot;background_background&quot;:&quot;classic&quot;}\">\n\t\t\t\t<div class=\"elementor-element elementor-element-6113785 elementor-widget__width-initial elementor-widget elementor-widget-heading\" data-id=\"6113785\" data-element_type=\"widget\" data-e-type=\"widget\" data-widget_type=\"heading.default\">\n\t\t\t\t<div class=\"elementor-widget-container\">\n\t\t\t\t\t<h1 class=\"elementor-heading-title elementor-size-default\">Locura y Gracia Gu\u00eda de debate <\/h1>\t\t\t\t<\/div>\n\t\t\t\t<\/div>\n\t\t\t\t<div class=\"elementor-element elementor-element-1422232 elementor-widget__width-initial elementor-widget elementor-widget-text-editor\" data-id=\"1422232\" data-element_type=\"widget\" data-e-type=\"widget\" data-widget_type=\"text-editor.default\">\n\t\t\t\t<div class=\"elementor-widget-container\">\n\t\t\t\t\t<div class=\"bb-theme-elementor-wrap bb-elementor-custom-color bb-elementor-custom-size\">\t\t\t\t<p>Descargue nuestro <em data-start=\"124\" data-end=\"160\">Locura y Gracia Gu\u00eda de debate<\/em>, un recurso pr\u00e1ctico que ayuda a su comunidad a explorar la salud mental con comprensi\u00f3n y compasi\u00f3n. La gu\u00eda acompa\u00f1a a <em data-start=\"288\" data-end=\"371\">Locura y Gracia: Gu\u00eda pr\u00e1ctica para la pastoral y la enfermedad mental grave<\/em> por el Dr. Matthew Stanford, Ph.D.<\/p>\t\t\t\t<\/div>\t\t\t\t<\/div>\n\t\t\t\t<\/div>\n\t\t\t\t<\/div>\n\t\t<div class=\"elementor-element elementor-element-77b6332 e-flex e-con-boxed e-con e-parent\" data-id=\"77b6332\" data-element_type=\"container\" data-e-type=\"container\">\n\t\t\t\t\t<div class=\"e-con-inner\">\n\t\t\t\t<div class=\"elementor-element elementor-element-7ab5f97 elementor-widget elementor-widget-button\" data-id=\"7ab5f97\" data-element_type=\"widget\" data-e-type=\"widget\" data-widget_type=\"button.default\">\n\t\t\t\t<div class=\"elementor-widget-container\">\n\t\t\t\t\t\t\t\t\t<div class=\"elementor-button-wrapper\">\n\t\t\t\t\t<a class=\"elementor-button elementor-button-link elementor-size-sm\" href=\"https:\/\/learn.gthu.org\/wp-content\/uploads\/2025\/11\/Madness-Grace-Discussion-Guide-.pdf\">\n\t\t\t\t\t\t<span class=\"elementor-button-content-wrapper\">\n\t\t\t\t\t\t\t\t\t<span class=\"elementor-button-text\">Descargar aqu\u00ed<\/span>\n\t\t\t\t\t<\/span>\n\t\t\t\t\t<\/a>\n\t\t\t\t<\/div>\n\t\t\t\t\t\t\t\t<\/div>\n\t\t\t\t<\/div>\n\t\t\t\t\t<\/div>\n\t\t\t\t<\/div>\n\t\t\t\t<\/div>","protected":false},"excerpt":{"rendered":"<p>Locura y Gracia Gu\u00eda de debate Descargue nuestra Gu\u00eda de debate Locura y Gracia, un recurso pr\u00e1ctico que ayuda a su comunidad a explorar la salud mental con comprensi\u00f3n y...<\/p>","protected":false},"author":5758,"featured_media":0,"parent":0,"menu_order":0,"comment_status":"closed","ping_status":"closed","template":"elementor_header_footer","meta":{"_acf_changed":false,"_seopress_robots_primary_cat":"","_seopress_titles_title":"","_seopress_titles_desc":"","_seopress_robots_index":"","_uag_custom_page_level_css":"","footnotes":""},"class_list":["post-71954","page","type-page","status-publish","hentry"],"acf":[],"uagb_featured_image_src":{"full":false,"thumbnail":false,"medium":false,"medium_large":false,"large":false,"1536x1536":false,"2048x2048":false,"trp-custom-language-flag":false,"post-thumbnail":false,"gform-image-choice-sm":false,"gform-image-choice-md":false,"gform-image-choice-lg":false,"woocommerce_thumbnail":false,"woocommerce_single":false,"woocommerce_gallery_thumbnail":false},"uagb_author_info":{"display_name":"jessicamccarty","author_link":"https:\/\/learn.gthu.org\/es\/author\/jessicamccarty\/"},"uagb_comment_info":0,"uagb_excerpt":"Madness &amp; Grace Discussion Guide Download our Madness and Grace Discussion Guide, a practical resource that helps your community explore mental health with understanding and&hellip;","_links":{"self":[{"href":"https:\/\/learn.gthu.org\/es\/wp-json\/wp\/v2\/pages\/71954","targetHints":{"allow":["GET"]}}],"collection":[{"href":"https:\/\/learn.gthu.org\/es\/wp-json\/wp\/v2\/pages"}],"about":[{"href":"https:\/\/learn.gthu.org\/es\/wp-json\/wp\/v2\/types\/page"}],"author":[{"embeddable":true,"href":"https:\/\/learn.gthu.org\/es\/wp-json\/wp\/v2\/users\/5758"}],"replies":[{"embeddable":true,"href":"https:\/\/learn.gthu.org\/es\/wp-json\/wp\/v2\/comments?post=71954"}],"version-history":[{"count":5,"href":"https:\/\/learn.gthu.org\/es\/wp-json\/wp\/v2\/pages\/71954\/revisions"}],"predecessor-version":[{"id":71972,"href":"https:\/\/learn.gthu.org\/es\/wp-json\/wp\/v2\/pages\/71954\/revisions\/71972"}],"wp:attachment":[{"href":"https:\/\/learn.gthu.org\/es\/wp-json\/wp\/v2\/media?parent=71954"}],"curies":[{"name":"wp","href":"https:\/\/api.w.org\/{rel}","templated":true}]}}