{"id":71111,"date":"2025-06-02T12:51:46","date_gmt":"2025-06-02T17:51:46","guid":{"rendered":"https:\/\/learn.gthu.org\/?page_id=71111"},"modified":"2025-12-17T20:09:12","modified_gmt":"2025-12-18T02:09:12","slug":"gthu-chrysalis2025","status":"publish","type":"page","link":"https:\/\/learn.gthu.org\/es\/gthu-chrysalis2025\/","title":{"rendered":"GTHU"},"content":{"rendered":"<div data-elementor-type=\"wp-page\" data-elementor-id=\"71111\" class=\"elementor elementor-71111\" data-elementor-post-type=\"page\">\n\t\t\t\t<div class=\"elementor-element elementor-element-e3fa48d e-con-full e-flex e-con e-parent\" data-id=\"e3fa48d\" data-element_type=\"container\" data-e-type=\"container\" data-settings=\"{&quot;background_background&quot;:&quot;classic&quot;}\">\n\t\t\t\t<div class=\"elementor-element elementor-element-6113785 elementor-widget__width-initial elementor-widget elementor-widget-heading\" data-id=\"6113785\" data-element_type=\"widget\" data-e-type=\"widget\" data-widget_type=\"heading.default\">\n\t\t\t\t<div class=\"elementor-widget-container\">\n\t\t\t\t\t<h1 class=\"elementor-heading-title elementor-size-default\">GTHU<\/h1>\t\t\t\t<\/div>\n\t\t\t\t<\/div>\n\t\t\t\t<div class=\"elementor-element elementor-element-1422232 elementor-widget__width-initial elementor-widget elementor-widget-text-editor\" data-id=\"1422232\" data-element_type=\"widget\" data-e-type=\"widget\" data-widget_type=\"text-editor.default\">\n\t\t\t\t<div class=\"elementor-widget-container\">\n\t\t\t\t\t<div class=\"bb-theme-elementor-wrap bb-elementor-custom-color bb-elementor-custom-size\">\t\t\t\t<p>Comience hoy mismo su formaci\u00f3n en salud mental&nbsp;<\/p>\t\t\t\t<\/div>\t\t\t\t<\/div>\n\t\t\t\t<\/div>\n\t\t\t\t<\/div>\n\t\t<div class=\"elementor-element elementor-element-09b52af e-flex e-con-boxed e-con e-parent\" data-id=\"09b52af\" data-element_type=\"container\" data-e-type=\"container\">\n\t\t\t\t\t<div class=\"e-con-inner\">\n\t\t\t\t<div class=\"elementor-element elementor-element-6ca48ac elementor-widget__width-initial elementor-widget elementor-widget-text-editor\" data-id=\"6ca48ac\" data-element_type=\"widget\" data-e-type=\"widget\" data-widget_type=\"text-editor.default\">\n\t\t\t\t<div class=\"elementor-widget-container\">\n\t\t\t\t\t\t\t\t\t<p>GTHU ofrece formaci\u00f3n en salud mental y conductual basada en pruebas, recursos y apoyo continuo a particulares, comunidades religiosas, centros escolares y lugares de trabajo.<\/p><p><strong>\u00bfListo para llevar esperanza a su comunidad?<\/strong><\/p><p>Haga clic en el bot\u00f3n Reg\u00edstrese ahora para acceder a actualizaciones de formaci\u00f3n exclusivas, oportunidades de becas y recursos gratuitos sobre salud mental. Al compartir tu informaci\u00f3n de contacto, ser\u00e1s el primero en conocer los nuevos cursos, eventos y herramientas dise\u00f1adas para equiparte y lograr un impacto duradero.<\/p>\t\t\t\t\t\t\t\t<\/div>\n\t\t\t\t<\/div>\n\t\t\t\t\t<\/div>\n\t\t\t\t<\/div>\n\t\t<div class=\"elementor-element elementor-element-acd02f9 e-flex e-con-boxed e-con e-parent\" data-id=\"acd02f9\" data-element_type=\"container\" data-e-type=\"container\" data-settings=\"{&quot;background_background&quot;:&quot;classic&quot;}\">\n\t\t\t\t\t<div class=\"e-con-inner\">\n\t\t\t\t<div class=\"elementor-element elementor-element-a267fc1 elementor-widget__width-inherit elementor-widget elementor-widget-heading\" data-id=\"a267fc1\" data-element_type=\"widget\" data-e-type=\"widget\" data-widget_type=\"heading.default\">\n\t\t\t\t<div class=\"elementor-widget-container\">\n\t\t\t\t\t<h2 class=\"elementor-heading-title elementor-size-default\">Su comunidad le necesita.<br>\nConstruyamos algo importante. <\/h2>\t\t\t\t<\/div>\n\t\t\t\t<\/div>\n\t\t\t\t<div class=\"elementor-element elementor-element-8e1da4c elementor-align-center elementor-widget elementor-widget-button\" data-id=\"8e1da4c\" data-element_type=\"widget\" data-e-type=\"widget\" data-widget_type=\"button.default\">\n\t\t\t\t<div class=\"elementor-widget-container\">\n\t\t\t\t\t\t\t\t\t<div class=\"elementor-button-wrapper\">\n\t\t\t\t\t<a class=\"elementor-button elementor-button-link elementor-size-sm\" href=\"https:\/\/form.jotform.com\/252744887624167\" target=\"_blank\">\n\t\t\t\t\t\t<span class=\"elementor-button-content-wrapper\">\n\t\t\t\t\t\t\t\t\t<span class=\"elementor-button-text\">Reg\u00edstrese ahora<\/span>\n\t\t\t\t\t<\/span>\n\t\t\t\t\t<\/a>\n\t\t\t\t<\/div>\n\t\t\t\t\t\t\t\t<\/div>\n\t\t\t\t<\/div>\n\t\t\t\t\t<\/div>\n\t\t\t\t<\/div>\n\t\t\t\t<\/div>","protected":false},"excerpt":{"rendered":"<p>GTHU \u00a1Comience hoy mismo su formaci\u00f3n en salud mental!  GTHU ofrece formaci\u00f3n en salud mental y conductual basada en pruebas, recursos y apoyo continuo a individuos, comunidades religiosas, escuelas y...<\/p>","protected":false},"author":5758,"featured_media":0,"parent":0,"menu_order":0,"comment_status":"closed","ping_status":"closed","template":"elementor_header_footer","meta":{"_acf_changed":false,"_seopress_robots_primary_cat":"","_seopress_titles_title":"","_seopress_titles_desc":"","_seopress_robots_index":"","_uag_custom_page_level_css":"","footnotes":""},"class_list":["post-71111","page","type-page","status-publish","hentry"],"acf":[],"uagb_featured_image_src":{"full":false,"thumbnail":false,"medium":false,"medium_large":false,"large":false,"1536x1536":false,"2048x2048":false,"trp-custom-language-flag":false,"post-thumbnail":false,"gform-image-choice-sm":false,"gform-image-choice-md":false,"gform-image-choice-lg":false,"woocommerce_thumbnail":false,"woocommerce_single":false,"woocommerce_gallery_thumbnail":false},"uagb_author_info":{"display_name":"jessicamccarty","author_link":"https:\/\/learn.gthu.org\/es\/author\/jessicamccarty\/"},"uagb_comment_info":0,"uagb_excerpt":"GTHU Start your Mental Health Training Today!&nbsp; GTHU offers evidence-based mental and behavioral health training, resources, and ongoing support to individuals, faith communities, schools, and&hellip;","_links":{"self":[{"href":"https:\/\/learn.gthu.org\/es\/wp-json\/wp\/v2\/pages\/71111","targetHints":{"allow":["GET"]}}],"collection":[{"href":"https:\/\/learn.gthu.org\/es\/wp-json\/wp\/v2\/pages"}],"about":[{"href":"https:\/\/learn.gthu.org\/es\/wp-json\/wp\/v2\/types\/page"}],"author":[{"embeddable":true,"href":"https:\/\/learn.gthu.org\/es\/wp-json\/wp\/v2\/users\/5758"}],"replies":[{"embeddable":true,"href":"https:\/\/learn.gthu.org\/es\/wp-json\/wp\/v2\/comments?post=71111"}],"version-history":[{"count":5,"href":"https:\/\/learn.gthu.org\/es\/wp-json\/wp\/v2\/pages\/71111\/revisions"}],"predecessor-version":[{"id":71171,"href":"https:\/\/learn.gthu.org\/es\/wp-json\/wp\/v2\/pages\/71111\/revisions\/71171"}],"wp:attachment":[{"href":"https:\/\/learn.gthu.org\/es\/wp-json\/wp\/v2\/media?parent=71111"}],"curies":[{"name":"wp","href":"https:\/\/api.w.org\/{rel}","templated":true}]}}