{"id":65998,"date":"2025-06-02T12:51:46","date_gmt":"2025-06-02T17:51:46","guid":{"rendered":"https:\/\/learn.gthu.org\/?page_id=65998"},"modified":"2026-02-02T12:10:17","modified_gmt":"2026-02-02T18:10:17","slug":"empower-training-by-gateway","status":"publish","type":"page","link":"https:\/\/learn.gthu.org\/es\/empower-training-by-gateway\/","title":{"rendered":"Formaci\u00f3n Empower de GTHU"},"content":{"rendered":"<div data-elementor-type=\"wp-page\" data-elementor-id=\"65998\" class=\"elementor elementor-65998\" data-elementor-post-type=\"page\">\n\t\t\t\t<div class=\"elementor-element elementor-element-e3fa48d e-con-full e-flex e-con e-parent\" data-id=\"e3fa48d\" data-element_type=\"container\" data-e-type=\"container\" data-settings=\"{&quot;background_background&quot;:&quot;classic&quot;}\">\n\t\t\t\t<div class=\"elementor-element elementor-element-6113785 elementor-widget__width-initial elementor-widget elementor-widget-heading\" data-id=\"6113785\" data-element_type=\"widget\" data-e-type=\"widget\" data-widget_type=\"heading.default\">\n\t\t\t\t<div class=\"elementor-widget-container\">\n\t\t\t\t\t<h1 class=\"elementor-heading-title elementor-size-default\">Formaci\u00f3n Empower de GTHU<\/h1>\t\t\t\t<\/div>\n\t\t\t\t<\/div>\n\t\t\t\t<div class=\"elementor-element elementor-element-1422232 elementor-widget__width-initial elementor-widget elementor-widget-text-editor\" data-id=\"1422232\" data-element_type=\"widget\" data-e-type=\"widget\" data-widget_type=\"text-editor.default\">\n\t\t\t\t<div class=\"elementor-widget-container\">\n\t\t\t\t\t<div class=\"bb-theme-elementor-wrap bb-elementor-custom-color bb-elementor-custom-size\">\t\t\t\t<p><strong>Educaci\u00f3n en salud mental pr\u00e1ctica, gratuita y flexible para todos<\/strong><\/p>\t\t\t\t<\/div>\t\t\t\t<\/div>\n\t\t\t\t<\/div>\n\t\t\t\t<\/div>\n\t\t<div class=\"elementor-element elementor-element-09b52af e-flex e-con-boxed e-con e-parent\" data-id=\"09b52af\" data-element_type=\"container\" data-e-type=\"container\">\n\t\t\t\t\t<div class=\"e-con-inner\">\n\t\t\t\t<div class=\"elementor-element elementor-element-5c2f5c5 elementor-widget__width-initial elementor-widget elementor-widget-video\" data-id=\"5c2f5c5\" data-element_type=\"widget\" data-e-type=\"widget\" data-settings=\"{&quot;video_type&quot;:&quot;hosted&quot;,&quot;controls&quot;:&quot;yes&quot;}\" data-widget_type=\"video.default\">\n\t\t\t\t<div class=\"elementor-widget-container\">\n\t\t\t\t\t\t\t<div class=\"e-hosted-video elementor-wrapper elementor-open-inline\">\n\t\t\t\t\t<video class=\"elementor-video\" src=\"https:\/\/learn.gthu.org\/wp-content\/uploads\/2025\/06\/Empower-promo-shortened.mp4\" controls=\"\" preload=\"metadata\" controlslist=\"nodownload\" poster=\"https:\/\/learn.gthu.org\/wp-content\/uploads\/2025\/06\/empower-poster.jpg\"><\/video>\n\t\t\t\t<\/div>\n\t\t\t\t\t\t<\/div>\n\t\t\t\t<\/div>\n\t\t\t\t<div class=\"elementor-element elementor-element-6ca48ac elementor-widget__width-initial elementor-widget elementor-widget-text-editor\" data-id=\"6ca48ac\" data-element_type=\"widget\" data-e-type=\"widget\" data-widget_type=\"text-editor.default\">\n\t\t\t\t<div class=\"elementor-widget-container\">\n\t\t\t\t\t\t\t\t\t<p>En GTHU creemos que todo el mundo tiene el poder de marcar la diferencia. Por eso hemos creado <em>Potencie<\/em>una serie de cursos gratuitos en l\u00ednea dise\u00f1ados para dotar a las personas, los miembros de la comunidad y los l\u00edderes de los conocimientos y las herramientas necesarios para reconocer los problemas de salud mental y responder con confianza y compasi\u00f3n.<\/p><p>Cada curso de Empower es autodid\u00e1ctico, f\u00e1cil de entender y est\u00e1 repleto de estrategias del mundo real. Tanto si est\u00e1s apoyando a un amigo, guiando a un estudiante, dirigiendo un equipo o cuidando de tu congregaci\u00f3n, Empower te da la confianza para actuar y los recursos para ayudar.<\/p>\t\t\t\t\t\t\t\t<\/div>\n\t\t\t\t<\/div>\n\t\t\t\t\t<\/div>\n\t\t\t\t<\/div>\n\t\t<div class=\"elementor-element elementor-element-acd02f9 e-flex e-con-boxed e-con e-parent\" data-id=\"acd02f9\" data-element_type=\"container\" data-e-type=\"container\" data-settings=\"{&quot;background_background&quot;:&quot;classic&quot;}\">\n\t\t\t\t\t<div class=\"e-con-inner\">\n\t\t\t\t<div class=\"elementor-element elementor-element-a267fc1 elementor-widget__width-initial elementor-widget elementor-widget-heading\" data-id=\"a267fc1\" data-element_type=\"widget\" data-e-type=\"widget\" data-widget_type=\"heading.default\">\n\t\t\t\t<div class=\"elementor-widget-container\">\n\t\t\t\t\t<h2 class=\"elementor-heading-title elementor-size-default\">\u00bfPor qu\u00e9 elegir Empower Training?<\/h2>\t\t\t\t<\/div>\n\t\t\t\t<\/div>\n\t\t\t\t<div class=\"elementor-element elementor-element-f31218a elementor-widget__width-initial elementor-widget elementor-widget-text-editor\" data-id=\"f31218a\" data-element_type=\"widget\" data-e-type=\"widget\" data-widget_type=\"text-editor.default\">\n\t\t\t\t<div class=\"elementor-widget-container\">\n\t\t\t\t\t<div class=\"bb-theme-elementor-wrap bb-elementor-custom-color\">\t\t\t\t<ul><li>100% Gratis y en l\u00ednea<\/li><li>\u00a0A su ritmo - Aprenda a su propio ritmo<\/li><li>Herramientas reales para situaciones reales<\/li><li>Perfecto para particulares, lugares de trabajo, l\u00edderes religiosos y educadores<\/li><li>Certificado de realizaci\u00f3n de cada curso<\/li><\/ul>\t\t\t\t<\/div>\t\t\t\t<\/div>\n\t\t\t\t<\/div>\n\t\t\t\t\t<\/div>\n\t\t\t\t<\/div>\n\t\t<div class=\"elementor-element elementor-element-06fd753 e-flex e-con-boxed e-con e-parent\" data-id=\"06fd753\" data-element_type=\"container\" data-e-type=\"container\">\n\t\t\t\t\t<div class=\"e-con-inner\">\n\t\t<div class=\"elementor-element elementor-element-001f5b8 e-con-full e-flex e-con e-child\" data-id=\"001f5b8\" data-element_type=\"container\" data-e-type=\"container\">\n\t\t\t\t<div class=\"elementor-element elementor-element-0ce2da5 sunfloral elementor-widget elementor-widget-heading\" data-id=\"0ce2da5\" data-element_type=\"widget\" data-e-type=\"widget\" data-widget_type=\"heading.default\">\n\t\t\t\t<div class=\"elementor-widget-container\">\n\t\t\t\t\t<h2 class=\"elementor-heading-title elementor-size-default\">Formaci\u00f3n Empower<\/h2>\t\t\t\t<\/div>\n\t\t\t\t<\/div>\n\t\t\t\t<\/div>\n\t\t\t\t\t<\/div>\n\t\t\t\t<\/div>\n\t\t<div class=\"elementor-element elementor-element-a6f86eb e-flex e-con-boxed e-con e-parent\" data-id=\"a6f86eb\" data-element_type=\"container\" data-e-type=\"container\">\n\t\t\t\t\t<div class=\"e-con-inner\">\n\t\t<div class=\"elementor-element elementor-element-746487c e-con-full e-flex e-con e-child\" data-id=\"746487c\" data-element_type=\"container\" data-e-type=\"container\">\n\t\t\t\t<div class=\"elementor-element elementor-element-98bec49 elementor-widget elementor-widget-image\" data-id=\"98bec49\" data-element_type=\"widget\" data-e-type=\"widget\" data-widget_type=\"image.default\">\n\t\t\t\t<div class=\"elementor-widget-container\">\n\t\t\t\t\t\t\t\t\t\t\t\t\t\t\t<img decoding=\"async\" src=\"https:\/\/learn.gthu.org\/wp-content\/uploads\/elementor\/thumbs\/faith-online-riknut246empqxsp0jbcnkwoqy8v1ypog7hi7oevoq.png\" title=\"faith-online\" alt=\"Faith\" loading=\"lazy\" \/>\t\t\t\t\t\t\t\t\t\t\t\t\t\t\t<\/div>\n\t\t\t\t<\/div>\n\t\t\t\t<div class=\"elementor-element elementor-element-b26702b elementor-widget elementor-widget-heading\" data-id=\"b26702b\" data-element_type=\"widget\" data-e-type=\"widget\" data-widget_type=\"heading.default\">\n\t\t\t\t<div class=\"elementor-widget-container\">\n\t\t\t\t\t<h3 class=\"elementor-heading-title elementor-size-default\">Comunidades religiosas<\/h3>\t\t\t\t<\/div>\n\t\t\t\t<\/div>\n\t\t\t\t<\/div>\n\t\t<div class=\"elementor-element elementor-element-15509a7 e-con-full e-flex e-con e-child\" data-id=\"15509a7\" data-element_type=\"container\" data-e-type=\"container\">\n\t\t\t\t<div class=\"elementor-element elementor-element-6b77f19 elementor-widget elementor-widget-image\" data-id=\"6b77f19\" data-element_type=\"widget\" data-e-type=\"widget\" data-widget_type=\"image.default\">\n\t\t\t\t<div class=\"elementor-widget-container\">\n\t\t\t\t\t\t\t\t\t\t\t\t\t\t\t<img decoding=\"async\" width=\"144\" height=\"144\" src=\"https:\/\/learn.gthu.org\/wp-content\/uploads\/2025\/06\/Schools-Icon-Outline_Transparent-Background.png\" class=\"attachment-large size-large wp-image-66382\" alt=\"\" srcset=\"https:\/\/learn.gthu.org\/wp-content\/uploads\/2025\/06\/Schools-Icon-Outline_Transparent-Background.png 144w, https:\/\/learn.gthu.org\/wp-content\/uploads\/2025\/06\/Schools-Icon-Outline_Transparent-Background-100x100.png 100w\" sizes=\"(max-width: 144px) 100vw, 144px\" \/>\t\t\t\t\t\t\t\t\t\t\t\t\t\t\t<\/div>\n\t\t\t\t<\/div>\n\t\t\t\t<div class=\"elementor-element elementor-element-2572e2b elementor-widget elementor-widget-heading\" data-id=\"2572e2b\" data-element_type=\"widget\" data-e-type=\"widget\" data-widget_type=\"heading.default\">\n\t\t\t\t<div class=\"elementor-widget-container\">\n\t\t\t\t\t<h3 class=\"elementor-heading-title elementor-size-default\">Escuelas<\/h3>\t\t\t\t<\/div>\n\t\t\t\t<\/div>\n\t\t\t\t<\/div>\n\t\t<div class=\"elementor-element elementor-element-45410fc e-con-full e-flex e-con e-child\" data-id=\"45410fc\" data-element_type=\"container\" data-e-type=\"container\">\n\t\t\t\t<div class=\"elementor-element elementor-element-513bd52 elementor-widget elementor-widget-image\" data-id=\"513bd52\" data-element_type=\"widget\" data-e-type=\"widget\" data-widget_type=\"image.default\">\n\t\t\t\t<div class=\"elementor-widget-container\">\n\t\t\t\t\t\t\t\t\t\t\t\t\t\t\t<img decoding=\"async\" width=\"144\" height=\"144\" src=\"https:\/\/learn.gthu.org\/wp-content\/uploads\/2025\/06\/Workplace-Icon-Outline_Transparent-Baackground.png\" class=\"attachment-large size-large wp-image-66376\" alt=\"Workplaces\" srcset=\"https:\/\/learn.gthu.org\/wp-content\/uploads\/2025\/06\/Workplace-Icon-Outline_Transparent-Baackground.png 144w, https:\/\/learn.gthu.org\/wp-content\/uploads\/2025\/06\/Workplace-Icon-Outline_Transparent-Baackground-100x100.png 100w\" sizes=\"(max-width: 144px) 100vw, 144px\" \/>\t\t\t\t\t\t\t\t\t\t\t\t\t\t\t<\/div>\n\t\t\t\t<\/div>\n\t\t\t\t<div class=\"elementor-element elementor-element-cfe85db elementor-widget elementor-widget-heading\" data-id=\"cfe85db\" data-element_type=\"widget\" data-e-type=\"widget\" data-widget_type=\"heading.default\">\n\t\t\t\t<div class=\"elementor-widget-container\">\n\t\t\t\t\t<h3 class=\"elementor-heading-title elementor-size-default\">Lugares de trabajo<\/h3>\t\t\t\t<\/div>\n\t\t\t\t<\/div>\n\t\t\t\t<\/div>\n\t\t\t\t\t<\/div>\n\t\t\t\t<\/div>\n\t\t<div class=\"elementor-element elementor-element-8945bca e-flex e-con-boxed e-con e-parent\" data-id=\"8945bca\" data-element_type=\"container\" data-e-type=\"container\" data-settings=\"{&quot;background_background&quot;:&quot;classic&quot;}\">\n\t\t\t\t\t<div class=\"e-con-inner\">\n\t\t\t\t<div class=\"elementor-element elementor-element-fcb7f19 sunfloral elementor-widget elementor-widget-heading\" data-id=\"fcb7f19\" data-element_type=\"widget\" data-e-type=\"widget\" data-widget_type=\"heading.default\">\n\t\t\t\t<div class=\"elementor-widget-container\">\n\t\t\t\t\t<h2 class=\"elementor-heading-title elementor-size-default\">Dar el primer paso hacia la esperanza<\/h2>\t\t\t\t<\/div>\n\t\t\t\t<\/div>\n\t\t\t\t<div class=\"elementor-element elementor-element-1569c0c elementor-widget elementor-widget-text-editor\" data-id=\"1569c0c\" data-element_type=\"widget\" data-e-type=\"widget\" data-widget_type=\"text-editor.default\">\n\t\t\t\t<div class=\"elementor-widget-container\">\n\t\t\t\t\t<div class=\"bb-theme-elementor-wrap bb-elementor-custom-color\">\t\t\t\t<p>Explore hoy mismo los cursos de formaci\u00f3n Empower y convi\u00e9rtase en la conexi\u00f3n entre la lucha mental y un apoyo significativo. No se requiere experiencia previa, solo ganas de aprender y de ayudar.<\/p>\t\t\t\t<\/div>\t\t\t\t<\/div>\n\t\t\t\t<\/div>\n\t\t\t\t<div class=\"elementor-element elementor-element-8e1da4c elementor-widget elementor-widget-button\" data-id=\"8e1da4c\" data-element_type=\"widget\" data-e-type=\"widget\" data-widget_type=\"button.default\">\n\t\t\t\t<div class=\"elementor-widget-container\">\n\t\t\t\t\t\t\t\t\t<div class=\"elementor-button-wrapper\">\n\t\t\t\t\t<a class=\"elementor-button elementor-button-link elementor-size-sm\" href=\"https:\/\/learn.gthu.org\/es\/course-catalog\/#:~:text=Empower%20Courses%20%E2%80%93%20Our%20Free%20Empower%20courses%20are%20geared%20toward%E2%80%A6\">\n\t\t\t\t\t\t<span class=\"elementor-button-content-wrapper\">\n\t\t\t\t\t\t\t\t\t<span class=\"elementor-button-text\">Acceda ahora a la formaci\u00f3n gratuita <\/span>\n\t\t\t\t\t<\/span>\n\t\t\t\t\t<\/a>\n\t\t\t\t<\/div>\n\t\t\t\t\t\t\t\t<\/div>\n\t\t\t\t<\/div>\n\t\t\t\t\t<\/div>\n\t\t\t\t<\/div>\n\t\t\t\t<\/div>","protected":false},"excerpt":{"rendered":"<p>Empower Training by GTHU Educaci\u00f3n en salud mental pr\u00e1ctica, gratuita y flexible para todos https:\/\/learn.gthu.org\/wp-content\/uploads\/2025\/06\/Empower-promo-shortened.mp4 En GTHU, creemos que todo el mundo tiene el poder de...<\/p>","protected":false},"author":28574,"featured_media":0,"parent":0,"menu_order":0,"comment_status":"closed","ping_status":"closed","template":"elementor_header_footer","meta":{"_acf_changed":false,"_seopress_robots_primary_cat":"","_seopress_titles_title":"","_seopress_titles_desc":"","_seopress_robots_index":"","_uag_custom_page_level_css":"","footnotes":""},"class_list":["post-65998","page","type-page","status-publish","hentry"],"acf":[],"uagb_featured_image_src":{"full":false,"thumbnail":false,"medium":false,"medium_large":false,"large":false,"1536x1536":false,"2048x2048":false,"trp-custom-language-flag":false,"post-thumbnail":false,"gform-image-choice-sm":false,"gform-image-choice-md":false,"gform-image-choice-lg":false,"woocommerce_thumbnail":false,"woocommerce_single":false,"woocommerce_gallery_thumbnail":false},"uagb_author_info":{"display_name":"molufemi","author_link":"https:\/\/learn.gthu.org\/es\/author\/molufemi\/"},"uagb_comment_info":0,"uagb_excerpt":"Empower Training by GTHU Practical, Free, and Flexible Mental Health Education for Everyone https:\/\/learn.gthu.org\/wp-content\/uploads\/2025\/06\/Empower-promo-shortened.mp4 At GTHU, we believe everyone has the power to make a&hellip;","_links":{"self":[{"href":"https:\/\/learn.gthu.org\/es\/wp-json\/wp\/v2\/pages\/65998","targetHints":{"allow":["GET"]}}],"collection":[{"href":"https:\/\/learn.gthu.org\/es\/wp-json\/wp\/v2\/pages"}],"about":[{"href":"https:\/\/learn.gthu.org\/es\/wp-json\/wp\/v2\/types\/page"}],"author":[{"embeddable":true,"href":"https:\/\/learn.gthu.org\/es\/wp-json\/wp\/v2\/users\/28574"}],"replies":[{"embeddable":true,"href":"https:\/\/learn.gthu.org\/es\/wp-json\/wp\/v2\/comments?post=65998"}],"version-history":[{"count":5,"href":"https:\/\/learn.gthu.org\/es\/wp-json\/wp\/v2\/pages\/65998\/revisions"}],"predecessor-version":[{"id":73925,"href":"https:\/\/learn.gthu.org\/es\/wp-json\/wp\/v2\/pages\/65998\/revisions\/73925"}],"wp:attachment":[{"href":"https:\/\/learn.gthu.org\/es\/wp-json\/wp\/v2\/media?parent=65998"}],"curies":[{"name":"wp","href":"https:\/\/api.w.org\/{rel}","templated":true}]}}