{"id":64159,"date":"2023-12-04T23:25:28","date_gmt":"2023-12-05T05:25:28","guid":{"rendered":"https:\/\/learn.gthu.org\/?page_id=64159"},"modified":"2025-12-17T05:20:54","modified_gmt":"2025-12-17T11:20:54","slug":"aging-with-grace-completion","status":"publish","type":"page","link":"https:\/\/learn.gthu.org\/es\/aging-with-grace-completion\/","title":{"rendered":"Envejecer con Gracia - Finalizaci\u00f3n"},"content":{"rendered":"<div data-elementor-type=\"wp-page\" data-elementor-id=\"64159\" class=\"elementor elementor-64159\" data-elementor-post-type=\"page\">\n\t\t\t\t<div class=\"elementor-element elementor-element-083b2f2 e-con-full e-flex e-con e-parent\" data-id=\"083b2f2\" data-element_type=\"container\" data-e-type=\"container\" data-settings=\"{&quot;background_background&quot;:&quot;classic&quot;}\">\n\t\t\t\t<div class=\"elementor-element elementor-element-e1aa3e6 elementor-widget__width-initial elementor-widget elementor-widget-heading\" data-id=\"e1aa3e6\" data-element_type=\"widget\" data-e-type=\"widget\" data-widget_type=\"heading.default\">\n\t\t\t\t<div class=\"elementor-widget-container\">\n\t\t\t\t\t<h1 class=\"elementor-heading-title elementor-size-default\">\u00a1Felicidades!<\/h1>\t\t\t\t<\/div>\n\t\t\t\t<\/div>\n\t\t\t\t<\/div>\n\t\t<div class=\"elementor-element elementor-element-2ec62a8 e-flex e-con-boxed e-con e-parent\" data-id=\"2ec62a8\" data-element_type=\"container\" data-e-type=\"container\">\n\t\t\t\t\t<div class=\"e-con-inner\">\n\t\t<div class=\"elementor-element elementor-element-3bddc51 e-con-full e-flex e-con e-child\" data-id=\"3bddc51\" data-element_type=\"container\" data-e-type=\"container\">\n\t\t\t\t<div class=\"elementor-element elementor-element-78cc60d elementor-widget elementor-widget-text-editor\" data-id=\"78cc60d\" data-element_type=\"widget\" data-e-type=\"widget\" data-widget_type=\"text-editor.default\">\n\t\t\t\t<div class=\"elementor-widget-container\">\n\t\t\t\t\t<div class=\"bb-theme-elementor-wrap bb-elementor-custom-size bb-elementor-custom-line-height\">\t\t\t\t<p>Ha completado su <b>Envejecer con Gracia Formaci\u00f3n<\/b>\u00a1! Puede encontrar su certificado en su panel de control en el men\u00fa principal de arriba.<\/p>\t\t\t\t<\/div>\t\t\t\t<\/div>\n\t\t\t\t<\/div>\n\t\t\t\t<div class=\"elementor-element elementor-element-37caf0f elementor-widget elementor-widget-text-editor\" data-id=\"37caf0f\" data-element_type=\"widget\" data-e-type=\"widget\" data-widget_type=\"text-editor.default\">\n\t\t\t\t<div class=\"elementor-widget-container\">\n\t\t\t\t\t<div class=\"bb-theme-elementor-wrap bb-elementor-custom-size bb-elementor-custom-line-height\">\t\t\t\t<p>Dir\u00edjase a la p\u00e1gina <a href=\"https:\/\/learn.gthu.org\/es\/forums\/forum\/gateway-to-hope-community-forum\/\">Foro comunitario de GTHU<\/a> para seguir los debates relacionados con los recursos y eventos de GTHU, y conectar con otros participantes de GTHU.<\/p><p style=\"font-weight: 400;\">Explore nuestra <a href=\"https:\/\/learn.gthu.org\/course-catalog\/\">cursos de formaci\u00f3n<\/a> dotarle de los conocimientos, las herramientas y las habilidades necesarias para responder con eficacia y compasi\u00f3n a las personas que sufren trastornos mentales.<\/p>\t\t\t\t<\/div>\t\t\t\t<\/div>\n\t\t\t\t<\/div>\n\t\t\t\t<div class=\"elementor-element elementor-element-a18aee6 elementor-widget elementor-widget-text-editor\" data-id=\"a18aee6\" data-element_type=\"widget\" data-e-type=\"widget\" data-widget_type=\"text-editor.default\">\n\t\t\t\t<div class=\"elementor-widget-container\">\n\t\t\t\t\t<div class=\"bb-theme-elementor-wrap bb-elementor-custom-size bb-elementor-custom-line-height\">\t\t\t\t<p style=\"font-weight: 400;\">Piense en convertirse en <a href=\"https:\/\/learn.gthu.org\/es\/courses\/mental-health-coach\/\" target=\"_blank\" rel=\"noopener\">Entrenador de salud mental<\/a> que te da derecho a una formaci\u00f3n de especializaci\u00f3n para ampliar tus conocimientos sobre salud mental. Adquiere habilidades y herramientas eficaces que podr\u00e1s utilizar en cuanto termines tu formaci\u00f3n para ayudar a las personas con problemas de salud mental.<\/p>\t\t\t\t<\/div>\t\t\t\t<\/div>\n\t\t\t\t<\/div>\n\t\t\t\t<\/div>\n\t\t\t\t\t<\/div>\n\t\t\t\t<\/div>\n\t\t\t\t<\/div>","protected":false},"excerpt":{"rendered":"<p>\u00a1Enhorabuena! Ha completado la formaci\u00f3n Envejecer con Gracia. Puedes encontrar tu certificado en tu Panel de Control en el men\u00fa principal de arriba. Por favor vaya a...<\/p>","protected":false},"author":142,"featured_media":0,"parent":0,"menu_order":0,"comment_status":"closed","ping_status":"closed","template":"elementor_header_footer","meta":{"_acf_changed":false,"_seopress_robots_primary_cat":"","_seopress_titles_title":"","_seopress_titles_desc":"","_seopress_robots_index":"","_uag_custom_page_level_css":"","footnotes":""},"class_list":["post-64159","page","type-page","status-publish","hentry"],"acf":[],"uagb_featured_image_src":{"full":false,"thumbnail":false,"medium":false,"medium_large":false,"large":false,"1536x1536":false,"2048x2048":false,"trp-custom-language-flag":false,"post-thumbnail":false,"gform-image-choice-sm":false,"gform-image-choice-md":false,"gform-image-choice-lg":false,"woocommerce_thumbnail":false,"woocommerce_single":false,"woocommerce_gallery_thumbnail":false},"uagb_author_info":{"display_name":"Cherry Philpott","author_link":"https:\/\/learn.gthu.org\/es\/author\/cherry\/"},"uagb_comment_info":0,"uagb_excerpt":"Congratulations! You have completed your Aging with Grace Training! You can find your certificate on your Dashboard in the main menu above. Please go to&hellip;","_links":{"self":[{"href":"https:\/\/learn.gthu.org\/es\/wp-json\/wp\/v2\/pages\/64159","targetHints":{"allow":["GET"]}}],"collection":[{"href":"https:\/\/learn.gthu.org\/es\/wp-json\/wp\/v2\/pages"}],"about":[{"href":"https:\/\/learn.gthu.org\/es\/wp-json\/wp\/v2\/types\/page"}],"author":[{"embeddable":true,"href":"https:\/\/learn.gthu.org\/es\/wp-json\/wp\/v2\/users\/142"}],"replies":[{"embeddable":true,"href":"https:\/\/learn.gthu.org\/es\/wp-json\/wp\/v2\/comments?post=64159"}],"version-history":[{"count":5,"href":"https:\/\/learn.gthu.org\/es\/wp-json\/wp\/v2\/pages\/64159\/revisions"}],"predecessor-version":[{"id":72680,"href":"https:\/\/learn.gthu.org\/es\/wp-json\/wp\/v2\/pages\/64159\/revisions\/72680"}],"wp:attachment":[{"href":"https:\/\/learn.gthu.org\/es\/wp-json\/wp\/v2\/media?parent=64159"}],"curies":[{"name":"wp","href":"https:\/\/api.w.org\/{rel}","templated":true}]}}