{"id":46,"date":"2023-12-04T22:11:03","date_gmt":"2023-12-04T22:11:03","guid":{"rendered":"https:\/\/gthu.archetypeweb2.onpressidium.com\/?page_id=46"},"modified":"2025-12-17T04:52:46","modified_gmt":"2025-12-17T10:52:46","slug":"home","status":"publish","type":"page","link":"https:\/\/learn.gthu.org\/es\/","title":{"rendered":"Inicio"},"content":{"rendered":"<div data-elementor-type=\"wp-page\" data-elementor-id=\"46\" class=\"elementor elementor-46\" data-elementor-post-type=\"page\">\n\t\t\t\t<div class=\"elementor-element elementor-element-ec030cd e-flex e-con-boxed e-con e-parent\" data-id=\"ec030cd\" data-element_type=\"container\" data-settings=\"{&quot;background_background&quot;:&quot;classic&quot;}\">\n\t\t\t\t\t<div class=\"e-con-inner\">\n\t\t\t\t<div class=\"elementor-element elementor-element-e466d91 elementor-widget__width-initial elementor-widget elementor-widget-heading\" data-id=\"e466d91\" data-element_type=\"widget\" data-widget_type=\"heading.default\">\n\t\t\t\t<div class=\"elementor-widget-container\">\n\t\t\t\t\t<h1 class=\"elementor-heading-title elementor-size-default\">Inicie su formaci\u00f3n en salud mental<\/h1>\t\t\t\t<\/div>\n\t\t\t\t<\/div>\n\t\t\t\t<div class=\"elementor-element elementor-element-bd0434b elementor-widget__width-initial elementor-widget elementor-widget-text-editor\" data-id=\"bd0434b\" data-element_type=\"widget\" data-widget_type=\"text-editor.default\">\n\t\t\t\t<div class=\"elementor-widget-container\">\n\t\t\t\t\t<div class=\"bb-theme-elementor-wrap bb-elementor-custom-color bb-elementor-custom-size bb-elementor-mobile-custom-size bb-elementor-custom-line-height\">\t\t\t\t<p>Bienvenido a nuestro portal de formaci\u00f3n GTHU es el programa de formaci\u00f3n de la <strong><a href=\"https:\/\/hopeandhealingcenter.org\/\" target=\"_blank\" rel=\"noopener\">Centro e Instituto Esperanza y Curaci\u00f3n<\/a><\/strong>. Ofrecemos formaci\u00f3n en salud mental y conductual basada en pruebas, recursos y apoyo continuo a particulares, comunidades religiosas, escuelas y lugares de trabajo.<\/p>\t\t\t\t<\/div>\t\t\t\t<\/div>\n\t\t\t\t<\/div>\n\t\t\t\t\t<\/div>\n\t\t\t\t<\/div>\n\t\t<div class=\"elementor-element elementor-element-eba72b1 e-con-full e-flex e-con e-parent\" data-id=\"eba72b1\" data-element_type=\"container\" data-settings=\"{&quot;background_background&quot;:&quot;classic&quot;}\">\n\t\t\t\t<div class=\"elementor-element elementor-element-f6a405a elementor-align-center elementor-widget__width-initial elementor-widget elementor-widget-button\" data-id=\"f6a405a\" data-element_type=\"widget\" data-widget_type=\"button.default\">\n\t\t\t\t<div class=\"elementor-widget-container\">\n\t\t\t\t\t\t\t\t\t<div class=\"elementor-button-wrapper\">\n\t\t\t\t\t<a class=\"elementor-button elementor-button-link elementor-size-sm\" href=\"\/course-catalog\/\">\n\t\t\t\t\t\t<span class=\"elementor-button-content-wrapper\">\n\t\t\t\t\t\t\t\t\t<span class=\"elementor-button-text\">Explore nuestros cursos<\/span>\n\t\t\t\t\t<\/span>\n\t\t\t\t\t<\/a>\n\t\t\t\t<\/div>\n\t\t\t\t\t\t\t\t<\/div>\n\t\t\t\t<\/div>\n\t\t\t\t<\/div>\n\t\t<div class=\"elementor-element elementor-element-cb5fe49 e-con-full e-flex e-con e-parent\" data-id=\"cb5fe49\" data-element_type=\"container\" data-settings=\"{&quot;background_background&quot;:&quot;classic&quot;}\">\n\t\t\t\t<div class=\"elementor-element elementor-element-59a04e5 elementor-widget__width-initial elementor-widget elementor-widget-text-editor\" data-id=\"59a04e5\" data-element_type=\"widget\" data-widget_type=\"text-editor.default\">\n\t\t\t\t<div class=\"elementor-widget-container\">\n\t\t\t\t\t<div class=\"bb-theme-elementor-wrap bb-elementor-custom-color bb-elementor-custom-size bb-elementor-mobile-custom-size bb-elementor-custom-line-height\">\t\t\t\t<p><span style=\"font-weight: 400;\">La Formaci\u00f3n de Entrenadores de Salud Mental de GTHU es un programa de formaci\u00f3n en l\u00ednea que le proporciona conocimientos, herramientas y medidas pr\u00e1cticas para convertirse en un Entrenador de Salud Mental certificado en su comunidad. La formaci\u00f3n ampliar\u00e1 su comprensi\u00f3n de la salud mental, le dar\u00e1 herramientas para desarrollar recursos de salud mental de la comunidad y educar a otros, y le ayudar\u00e1 a desarrollar la habilidad de responder compasivamente a los que est\u00e1n en peligro.<\/span><\/p><p><span style=\"font-weight: 400;\">Convi\u00e9rtase en una parte muy necesaria de la red de apoyo comunitario que est\u00e1 respondiendo a la actual crisis de salud mental. <\/span><\/p><p><a href=\"https:\/\/learn.gthu.org\/es\/courses\/mental-health-coach\/\" target=\"_blank\" rel=\"noopener\"><span style=\"color: #ffde9d;\">Descubra hoy mismo nuestra formaci\u00f3n para entrenadores de salud mental.<\/span><\/a><\/p>\t\t\t\t<\/div>\t\t\t\t<\/div>\n\t\t\t\t<\/div>\n\t\t\t\t<\/div>\n\t\t<div class=\"elementor-element elementor-element-b32df62 e-flex e-con-boxed e-con e-parent\" data-id=\"b32df62\" data-element_type=\"container\" data-settings=\"{&quot;background_background&quot;:&quot;classic&quot;}\">\n\t\t\t\t\t<div class=\"e-con-inner\">\n\t\t\t\t<div class=\"elementor-element elementor-element-f3f43c1 elementor-widget__width-initial elementor-widget elementor-widget-heading\" data-id=\"f3f43c1\" data-element_type=\"widget\" data-widget_type=\"heading.default\">\n\t\t\t\t<div class=\"elementor-widget-container\">\n\t\t\t\t\t<h2 class=\"elementor-heading-title elementor-size-default\">\u00bfEst\u00e1s preparado?<\/h2>\t\t\t\t<\/div>\n\t\t\t\t<\/div>\n\t\t\t\t<div class=\"elementor-element elementor-element-9849914 elementor-widget__width-initial elementor-widget elementor-widget-text-editor\" data-id=\"9849914\" data-element_type=\"widget\" data-widget_type=\"text-editor.default\">\n\t\t\t\t<div class=\"elementor-widget-container\">\n\t\t\t\t\t<div class=\"bb-theme-elementor-wrap bb-elementor-custom-color bb-elementor-custom-size bb-elementor-mobile-custom-size bb-elementor-custom-line-height\">\t\t\t\t<p>\u00danase a una comunidad mundial de apoyo dedicada a ayudar a quienes sufren trastornos mentales. Empod\u00e9rate con nuestra formaci\u00f3n experta y apoyo continuo para embarcarte en un viaje satisfactorio ayudando a los necesitados. No dudes en marcar la diferencia; comienza hoy mismo tu viaje transformador con la formaci\u00f3n de GTHU. Convi\u00e9rtete en una puerta abierta para quienes viven con enfermedades mentales.<\/p><p><a href=\"https:\/\/learn.gthu.org\/course-catalog\/\" target=\"_blank\" rel=\"noopener\">Obtenga m\u00e1s informaci\u00f3n sobre nuestros cursos de formaci\u00f3n GTHU aqu\u00ed.<\/a><\/p>\t\t\t\t<\/div>\t\t\t\t<\/div>\n\t\t\t\t<\/div>\n\t\t\t\t\t<\/div>\n\t\t\t\t<\/div>\n\t\t<div class=\"elementor-element elementor-element-b114cf4 e-flex e-con-boxed e-con e-parent\" data-id=\"b114cf4\" data-element_type=\"container\">\n\t\t\t\t\t<div class=\"e-con-inner\">\n\t\t\t\t<div class=\"elementor-element elementor-element-b444a36 elementor-widget__width-initial elementor-widget elementor-widget-heading\" data-id=\"b444a36\" data-element_type=\"widget\" data-widget_type=\"heading.default\">\n\t\t\t\t<div class=\"elementor-widget-container\">\n\t\t\t\t\t<h2 class=\"elementor-heading-title elementor-size-default\">Obtener formaci\u00f3n<\/h2>\t\t\t\t<\/div>\n\t\t\t\t<\/div>\n\t\t\t\t<div class=\"elementor-element elementor-element-7e09fc4 elementor-widget__width-initial elementor-widget elementor-widget-text-editor\" data-id=\"7e09fc4\" data-element_type=\"widget\" data-widget_type=\"text-editor.default\">\n\t\t\t\t<div class=\"elementor-widget-container\">\n\t\t\t\t\t<div class=\"bb-theme-elementor-wrap bb-elementor-custom-color bb-elementor-custom-size bb-elementor-mobile-custom-size bb-elementor-custom-line-height\">\t\t\t\t<p>GTHU ofrece formaci\u00f3n integral en salud mental y del comportamiento para particulares, comunidades religiosas, escuelas y lugares de trabajo. Los programas de formaci\u00f3n de GTHU est\u00e1n dise\u00f1ados para dotar a los participantes de los conocimientos y herramientas necesarios para responder con compasi\u00f3n a quienes sufren trastornos mentales.<\/p><p><a href=\"https:\/\/learn.gthu.org\/course-catalog\/\" target=\"_blank\" rel=\"noopener\">Consulte nuestro cat\u00e1logo de cursos de formaci\u00f3n y comience su viaje hoy mismo.<\/a><\/p>\t\t\t\t<\/div>\t\t\t\t<\/div>\n\t\t\t\t<\/div>\n\t\t\t\t\t<\/div>\n\t\t\t\t<\/div>\n\t\t<div class=\"elementor-element elementor-element-d826e3b e-flex e-con-boxed e-con e-parent\" data-id=\"d826e3b\" data-element_type=\"container\">\n\t\t\t\t\t<div class=\"e-con-inner\">\n\t\t\t\t<div class=\"elementor-element elementor-element-2e67d83 elementor-widget__width-initial elementor-widget elementor-widget-heading\" data-id=\"2e67d83\" data-element_type=\"widget\" data-widget_type=\"heading.default\">\n\t\t\t\t<div class=\"elementor-widget-container\">\n\t\t\t\t\t<h3 class=\"elementor-heading-title elementor-size-default\">\u00bfQui\u00e9n recibe formaci\u00f3n?<\/h3>\t\t\t\t<\/div>\n\t\t\t\t<\/div>\n\t\t\t\t\t<\/div>\n\t\t\t\t<\/div>\n\t\t<div class=\"elementor-element elementor-element-3586ed0 rww-flex-two-col-tablet e-flex e-con-boxed e-con e-parent\" data-id=\"3586ed0\" data-element_type=\"container\">\n\t\t\t\t\t<div class=\"e-con-inner\">\n\t\t<div class=\"elementor-element elementor-element-71ccd09 e-con-full e-flex e-con e-child\" data-id=\"71ccd09\" data-element_type=\"container\">\n\t\t\t\t<div class=\"elementor-element elementor-element-458231d elementor-widget elementor-widget-image\" data-id=\"458231d\" data-element_type=\"widget\" data-widget_type=\"image.default\">\n\t\t\t\t<div class=\"elementor-widget-container\">\n\t\t\t\t\t\t\t\t\t\t\t\t\t\t\t<img decoding=\"async\" src=\"https:\/\/learn.gthu.org\/wp-content\/uploads\/2024\/03\/Apple-Icon-Outline.svg\" title=\"Individual-Icono-Outline\" alt=\"Icon showing three people representing individuals\" loading=\"lazy\" \/>\t\t\t\t\t\t\t\t\t\t\t\t\t\t\t<\/div>\n\t\t\t\t<\/div>\n\t\t\t\t<div class=\"elementor-element elementor-element-1e41bbc elementor-widget elementor-widget-text-editor\" data-id=\"1e41bbc\" data-element_type=\"widget\" data-widget_type=\"text-editor.default\">\n\t\t\t\t<div class=\"elementor-widget-container\">\n\t\t\t\t\t\t\t\t\t<p style=\"text-align: center;\"><strong>Particulares<\/strong><\/p>\t\t\t\t\t\t\t\t<\/div>\n\t\t\t\t<\/div>\n\t\t\t\t<\/div>\n\t\t<div class=\"elementor-element elementor-element-b5de7e7 e-con-full e-flex e-con e-child\" data-id=\"b5de7e7\" data-element_type=\"container\">\n\t\t\t\t<div class=\"elementor-element elementor-element-b1b70b4 elementor-widget elementor-widget-image\" data-id=\"b1b70b4\" data-element_type=\"widget\" data-widget_type=\"image.default\">\n\t\t\t\t<div class=\"elementor-widget-container\">\n\t\t\t\t\t\t\t\t\t\t\t\t\t\t\t<img decoding=\"async\" src=\"https:\/\/learn.gthu.org\/wp-content\/uploads\/2024\/03\/Faith-Icon-Outline.svg\" title=\"Fe-Icono-Outline\" alt=\"Icon showing hands in a prayer postion to represent faith communities\" loading=\"lazy\" \/>\t\t\t\t\t\t\t\t\t\t\t\t\t\t\t<\/div>\n\t\t\t\t<\/div>\n\t\t\t\t<div class=\"elementor-element elementor-element-50ac113 elementor-widget elementor-widget-text-editor\" data-id=\"50ac113\" data-element_type=\"widget\" data-widget_type=\"text-editor.default\">\n\t\t\t\t<div class=\"elementor-widget-container\">\n\t\t\t\t\t<div class=\"bb-theme-elementor-wrap bb-elementor-custom-line-height\">\t\t\t\t<p style=\"text-align: center;\"><strong>Fe<br \/>Comunidades<\/strong><\/p>\t\t\t\t<\/div>\t\t\t\t<\/div>\n\t\t\t\t<\/div>\n\t\t\t\t<\/div>\n\t\t<div class=\"elementor-element elementor-element-f33c566 e-con-full e-flex e-con e-child\" data-id=\"f33c566\" data-element_type=\"container\">\n\t\t\t\t<div class=\"elementor-element elementor-element-60dfeaf elementor-widget elementor-widget-image\" data-id=\"60dfeaf\" data-element_type=\"widget\" data-widget_type=\"image.default\">\n\t\t\t\t<div class=\"elementor-widget-container\">\n\t\t\t\t\t\t\t\t\t\t\t\t\t\t\t<img decoding=\"async\" src=\"https:\/\/learn.gthu.org\/wp-content\/uploads\/2024\/03\/Individuals-Icon-Outline.svg\" title=\"Apple-Icon-Outline\" alt=\"Icon showing an apple to represent schools\" loading=\"lazy\" \/>\t\t\t\t\t\t\t\t\t\t\t\t\t\t\t<\/div>\n\t\t\t\t<\/div>\n\t\t\t\t<div class=\"elementor-element elementor-element-4569727 elementor-widget elementor-widget-text-editor\" data-id=\"4569727\" data-element_type=\"widget\" data-widget_type=\"text-editor.default\">\n\t\t\t\t<div class=\"elementor-widget-container\">\n\t\t\t\t\t\t\t\t\t<p style=\"text-align: center;\"><strong>Escuelas<\/strong><\/p>\t\t\t\t\t\t\t\t<\/div>\n\t\t\t\t<\/div>\n\t\t\t\t<\/div>\n\t\t<div class=\"elementor-element elementor-element-fec519e e-con-full e-flex e-con e-child\" data-id=\"fec519e\" data-element_type=\"container\">\n\t\t\t\t<div class=\"elementor-element elementor-element-a76dbf3 elementor-widget elementor-widget-image\" data-id=\"a76dbf3\" data-element_type=\"widget\" data-widget_type=\"image.default\">\n\t\t\t\t<div class=\"elementor-widget-container\">\n\t\t\t\t\t\t\t\t\t\t\t\t\t\t\t<img decoding=\"async\" src=\"https:\/\/learn.gthu.org\/wp-content\/uploads\/2024\/03\/Work-Icon-Outline.svg\" title=\"Trabajo-Icono-Outline\" alt=\"icon with a briefcase to represent the workplace\" loading=\"lazy\" \/>\t\t\t\t\t\t\t\t\t\t\t\t\t\t\t<\/div>\n\t\t\t\t<\/div>\n\t\t\t\t<div class=\"elementor-element elementor-element-9819b59 elementor-widget elementor-widget-text-editor\" data-id=\"9819b59\" data-element_type=\"widget\" data-widget_type=\"text-editor.default\">\n\t\t\t\t<div class=\"elementor-widget-container\">\n\t\t\t\t\t\t\t\t\t<p style=\"text-align: center;\"><strong>Lugares de trabajo<br \/><\/strong><\/p>\t\t\t\t\t\t\t\t<\/div>\n\t\t\t\t<\/div>\n\t\t\t\t<\/div>\n\t\t\t\t\t<\/div>\n\t\t\t\t<\/div>\n\t\t<div class=\"elementor-element elementor-element-ef5ebe0 e-flex e-con-boxed e-con e-parent\" data-id=\"ef5ebe0\" data-element_type=\"container\">\n\t\t\t\t\t<div class=\"e-con-inner\">\n\t\t\t\t<div class=\"elementor-element elementor-element-d924a29 elementor-align-center elementor-widget elementor-widget-button\" data-id=\"d924a29\" data-element_type=\"widget\" data-widget_type=\"button.default\">\n\t\t\t\t<div class=\"elementor-widget-container\">\n\t\t\t\t\t\t\t\t\t<div class=\"elementor-button-wrapper\">\n\t\t\t\t\t<a class=\"elementor-button elementor-button-link elementor-size-sm\" href=\"\/es\/register\/\">\n\t\t\t\t\t\t<span class=\"elementor-button-content-wrapper\">\n\t\t\t\t\t\t\t\t\t<span class=\"elementor-button-text\">\u00danase a nosotros hoy mismo<\/span>\n\t\t\t\t\t<\/span>\n\t\t\t\t\t<\/a>\n\t\t\t\t<\/div>\n\t\t\t\t\t\t\t\t<\/div>\n\t\t\t\t<\/div>\n\t\t\t\t\t<\/div>\n\t\t\t\t<\/div>\n\t\t\t\t<\/div>","protected":false},"excerpt":{"rendered":"<p>Comienza tu formaci\u00f3n en salud mental \u00a1Bienvenido a nuestro Portal de Aprendizaje! GTHU es el programa de formaci\u00f3n del Hope and Healing Center &amp; Institute. Ofrecemos...<\/p>","protected":false},"author":3,"featured_media":0,"parent":0,"menu_order":0,"comment_status":"closed","ping_status":"closed","template":"elementor_header_footer","meta":{"_acf_changed":false,"_seopress_robots_primary_cat":"","_seopress_titles_title":"GTHU | Expert Mental Health Training Courses","_seopress_titles_desc":"Empower yourself and your community with evidence-based mental health training courses. Learn practical strategies to support those in distress. Start your journey today!","_seopress_robots_index":"","_uag_custom_page_level_css":"","footnotes":""},"class_list":["post-46","page","type-page","status-publish","hentry"],"acf":[],"uagb_featured_image_src":{"full":false,"thumbnail":false,"medium":false,"medium_large":false,"large":false,"1536x1536":false,"2048x2048":false,"trp-custom-language-flag":false,"uo_course_image_size":false,"post-thumbnail":false,"gform-image-choice-sm":false,"gform-image-choice-md":false,"gform-image-choice-lg":false,"woocommerce_thumbnail":false,"woocommerce_single":false,"woocommerce_gallery_thumbnail":false},"uagb_author_info":{"display_name":"al_admin","author_link":"https:\/\/learn.gthu.org\/es\/author\/al_admin\/"},"uagb_comment_info":0,"uagb_excerpt":"Start Your Mental Health Training Welcome to our Learning Portal! GTHU is the training program of the Hope and Healing Center &amp; Institute. We offer&hellip;","_links":{"self":[{"href":"https:\/\/learn.gthu.org\/es\/wp-json\/wp\/v2\/pages\/46","targetHints":{"allow":["GET"]}}],"collection":[{"href":"https:\/\/learn.gthu.org\/es\/wp-json\/wp\/v2\/pages"}],"about":[{"href":"https:\/\/learn.gthu.org\/es\/wp-json\/wp\/v2\/types\/page"}],"author":[{"embeddable":true,"href":"https:\/\/learn.gthu.org\/es\/wp-json\/wp\/v2\/users\/3"}],"replies":[{"embeddable":true,"href":"https:\/\/learn.gthu.org\/es\/wp-json\/wp\/v2\/comments?post=46"}],"version-history":[{"count":5,"href":"https:\/\/learn.gthu.org\/es\/wp-json\/wp\/v2\/pages\/46\/revisions"}],"predecessor-version":[{"id":72659,"href":"https:\/\/learn.gthu.org\/es\/wp-json\/wp\/v2\/pages\/46\/revisions\/72659"}],"wp:attachment":[{"href":"https:\/\/learn.gthu.org\/es\/wp-json\/wp\/v2\/media?parent=46"}],"curies":[{"name":"wp","href":"https:\/\/api.w.org\/{rel}","templated":true}]}}