{"id":42254,"date":"2024-09-18T18:14:41","date_gmt":"2024-09-18T23:14:41","guid":{"rendered":"https:\/\/learn.gthu.org\/?page_id=42254"},"modified":"2024-09-20T18:13:37","modified_gmt":"2024-09-20T23:13:37","slug":"cart","status":"publish","type":"page","link":"https:\/\/learn.gthu.org\/es\/cart\/","title":{"rendered":"Carrito"},"content":{"rendered":"<div data-elementor-type=\"wp-page\" data-elementor-id=\"42254\" class=\"elementor elementor-42254\" data-elementor-post-type=\"page\">\n\t\t\t\t<div class=\"elementor-element elementor-element-0eb476d e-con-full dc-has-condition dc-condition-contains e-flex e-con e-parent\" data-id=\"0eb476d\" data-element_type=\"container\" data-settings=\"{&quot;background_background&quot;:&quot;classic&quot;}\">\n\t\t\t\t<div class=\"elementor-element elementor-element-bafe473 elementor-widget__width-initial dc-has-condition dc-condition-contains elementor-widget elementor-widget-heading\" data-id=\"bafe473\" data-element_type=\"widget\" data-widget_type=\"heading.default\">\n\t\t\t\t<div class=\"elementor-widget-container\">\n\t\t\t\t\t<h1 class=\"elementor-heading-title elementor-size-default\">Carrito<\/h1>\t\t\t\t<\/div>\n\t\t\t\t<\/div>\n\t\t\t\t<\/div>\n\t\t<div class=\"elementor-element elementor-element-fd052f7 e-flex e-con-boxed e-con e-parent\" data-id=\"fd052f7\" data-element_type=\"container\">\n\t\t\t\t\t<div class=\"e-con-inner\">\n\t\t\t\t\t<\/div>\n\t\t\t\t<\/div>\n\t\t\t\t<\/div>","protected":false},"excerpt":{"rendered":"<p>Cesta Quitar art\u00edculo Imagen en miniatura Precio del producto Cantidad Subtotal \u00d7 Adicci\u00f3n y trastornos de salud conductual $25.00 Adicci\u00f3n y trastornos de salud conductual cantidad - + $25.00...<\/p>","protected":false},"author":14,"featured_media":0,"parent":0,"menu_order":0,"comment_status":"closed","ping_status":"closed","template":"elementor_header_footer","meta":{"_acf_changed":false,"_seopress_robots_primary_cat":"","_seopress_titles_title":"","_seopress_titles_desc":"","_seopress_robots_index":"","_uag_custom_page_level_css":"","footnotes":""},"class_list":["post-42254","page","type-page","status-publish","hentry"],"acf":[],"uagb_featured_image_src":{"full":false,"thumbnail":false,"medium":false,"medium_large":false,"large":false,"1536x1536":false,"2048x2048":false,"trp-custom-language-flag":false,"uo_course_image_size":false,"post-thumbnail":false,"gform-image-choice-sm":false,"gform-image-choice-md":false,"gform-image-choice-lg":false,"woocommerce_thumbnail":false,"woocommerce_single":false,"woocommerce_gallery_thumbnail":false},"uagb_author_info":{"display_name":"PDX-Pat","author_link":"https:\/\/learn.gthu.org\/es\/author\/pat\/"},"uagb_comment_info":0,"uagb_excerpt":"Cart Remove item Thumbnail image Product Price Quantity Subtotal &times; Addiction and Behavioral Health Disorders &#36;25.00 Addiction and Behavioral Health Disorders quantity &#8211; + &#36;25.00&hellip;","_links":{"self":[{"href":"https:\/\/learn.gthu.org\/es\/wp-json\/wp\/v2\/pages\/42254","targetHints":{"allow":["GET"]}}],"collection":[{"href":"https:\/\/learn.gthu.org\/es\/wp-json\/wp\/v2\/pages"}],"about":[{"href":"https:\/\/learn.gthu.org\/es\/wp-json\/wp\/v2\/types\/page"}],"author":[{"embeddable":true,"href":"https:\/\/learn.gthu.org\/es\/wp-json\/wp\/v2\/users\/14"}],"replies":[{"embeddable":true,"href":"https:\/\/learn.gthu.org\/es\/wp-json\/wp\/v2\/comments?post=42254"}],"version-history":[{"count":5,"href":"https:\/\/learn.gthu.org\/es\/wp-json\/wp\/v2\/pages\/42254\/revisions"}],"predecessor-version":[{"id":42331,"href":"https:\/\/learn.gthu.org\/es\/wp-json\/wp\/v2\/pages\/42254\/revisions\/42331"}],"wp:attachment":[{"href":"https:\/\/learn.gthu.org\/es\/wp-json\/wp\/v2\/media?parent=42254"}],"curies":[{"name":"wp","href":"https:\/\/api.w.org\/{rel}","templated":true}]}}