{"id":182,"date":"2023-12-11T17:39:52","date_gmt":"2023-12-11T23:39:52","guid":{"rendered":"https:\/\/gthu.onpressidium.com\/terms-of-service\/"},"modified":"2025-12-17T05:30:48","modified_gmt":"2025-12-17T11:30:48","slug":"terms-of-use","status":"publish","type":"page","link":"https:\/\/learn.gthu.org\/es\/terms-of-use\/","title":{"rendered":"Condiciones de uso"},"content":{"rendered":"<p><strong>USO DE LOS MATERIALES DE ESTE SITIO WEB<\/strong><\/p>\n\n\n\n<p>Atenci\u00f3n: las leyes y normativas de los distintos pa\u00edses imponen requisitos diferentes (e incluso contradictorios) en materia de Internet y protecci\u00f3n de datos. Todos los asuntos relacionados con este sitio se rigen por las leyes del Estado de Texas, en los Estados Unidos de Am\u00e9rica.<\/p>\n\n\n\n<p><strong>POL\u00cdTICA DE PRIVACIDAD<\/strong><\/p>\n\n\n\n<p>El sitio web al que ha accedido est\u00e1 gestionado por o en nombre de The Gateway to Hope\/Hope and Healing Center &amp; Institute.  The Hope and Healing Center &amp; Institute se compromete a proteger su privacidad personal. Esta Pol\u00edtica de Privacidad describe los tipos de informaci\u00f3n que recoge Gateway to Hope\/The Hope and Healing Center &amp; Institute en su sitio web, y c\u00f3mo la utilizamos y protegemos. Esta pol\u00edtica tambi\u00e9n explica las opciones que usted puede hacer sobre la forma en que su informaci\u00f3n es recopilada y utilizada. Esta Pol\u00edtica se aplica \u00fanicamente al sitio web de The Hope and Healing Center &amp; Institute, y no se aplica a los banners y otros anuncios o promociones que podamos patrocinar o en los que podamos participar en sitios web propiedad de terceros.<\/p>\n\n\n\n<p><strong>SU CONSENTIMIENTO A ESTA POL\u00cdTICA DE PRIVACIDAD<\/strong><\/p>\n\n\n\n<p>Al utilizar nuestros sitios web, usted acepta los t\u00e9rminos de nuestra Pol\u00edtica de privacidad actual, tal y como se publica en nuestros sitios, as\u00ed como los t\u00e9rminos de nuestros T\u00e9rminos y condiciones. Si no est\u00e1 de acuerdo con alguno de los t\u00e9rminos de esta Pol\u00edtica o de nuestros T\u00e9rminos y Condiciones, le rogamos que no utilice este sitio ni nos facilite ning\u00fan tipo de Informaci\u00f3n Personal.<\/p>\n\n\n\n<p><strong>LA INFORMACI\u00d3N QUE RECOGEMOS<\/strong><\/p>\n\n\n\n<p>Tal y como se utiliza en esta Pol\u00edtica de Privacidad, por \"Informaci\u00f3n Personal\" se entiende cualquier informaci\u00f3n vinculada a su identidad, como su nombre, direcci\u00f3n, n\u00famero de tel\u00e9fono, nombre en pantalla, edad y\/o direcci\u00f3n de correo electr\u00f3nico. Para obtener informaci\u00f3n sobre los datos personales de menores, haga clic aqu\u00ed.<\/p>\n\n\n\n<p>El sitio web en el que ha entrado puede recoger algunos o todos estos tipos de Datos Personales a trav\u00e9s de un pedido de productos, un sorteo, un concurso, un juego, una encuesta, un cuestionario o una promoci\u00f3n, o un formulario de registro. Algunos de nuestros sitios web pueden requerir el registro para que usted pueda participar en sorteos, juegos u otras actividades. The Gateway to Hope\/Hope and Healing Center &amp; Institute no recopilar\u00e1 ninguna Informaci\u00f3n Personal de sus visitas a nuestros sitios a menos que usted nos proporcione su Informaci\u00f3n Personal voluntariamente. Tampoco recopilamos informaci\u00f3n financiera u otros datos sensibles sobre nuestros usuarios.<\/p>\n\n\n\n<p>Cuando usted nos proporciona Informaci\u00f3n Personal, nos est\u00e1 autorizando a utilizar esa informaci\u00f3n de acuerdo con los t\u00e9rminos de esta Pol\u00edtica de Privacidad, que incluye su derecho a limitar nuestro uso de su Informaci\u00f3n Personal como se describe en esta Pol\u00edtica.<\/p>\n\n\n\n<p>El sitio web al que ha accedido tambi\u00e9n puede recoger informaci\u00f3n personal suya sobre un tercero (por ejemplo, el sitio puede permitirle enviar un correo electr\u00f3nico o un mensaje a un amigo, en cuyo caso necesitaremos el nombre y la direcci\u00f3n de correo electr\u00f3nico de esa persona). Tenga en cuenta que s\u00f3lo utilizamos esa informaci\u00f3n para el fin especificado (por ejemplo, para enviar el mensaje de correo electr\u00f3nico) y que no volveremos a ponernos en contacto con el tercero por correo electr\u00f3nico hasta que \u00e9ste se ponga en contacto con nosotros.<\/p>\n\n\n\n<p><strong>LA MANERA EN QUE<\/strong><\/p>\n\n\n\n<p><strong>UTILIZAR INFORMACI\u00d3N PERSONAL<\/strong><\/p>\n\n\n\n<p>Cuando facilite Datos Personales en el sitio web de The Gateway to Hope\/Hope and Healing Center &amp; Institute, los utilizaremos para el fin para el que fueron recogidos (por ejemplo, para suscribirse al bolet\u00edn de noticias por correo electr\u00f3nico, ponerse en contacto con nosotros para ofrecerse voluntario o cumplir con la entrega de un pedido de productos) de acuerdo con los t\u00e9rminos de esta Pol\u00edtica de Privacidad. Tambi\u00e9n podremos utilizarla para ponernos en contacto con usted en relaci\u00f3n con los productos o promociones de The Gateway to Hope\/Hope and Healing Center &amp; Institute, as\u00ed como con otros productos y servicios que pueda solicitar o que puedan ser de su inter\u00e9s (incluidos los que podamos ofrecer conjuntamente con otras empresas). No obstante, en cualquier momento puede darse de baja de nuestra base de datos para no ser contactado en el futuro. Tambi\u00e9n utilizamos la informaci\u00f3n personal para hacer un seguimiento de las actividades de los usuarios en nuestros sitios web, mejorar nuestros esfuerzos promocionales y de marketing, analizar estad\u00edsticamente el uso del sitio web, mejorar las funciones, el dise\u00f1o y el contenido de nuestro sitio web y perfeccionar nuestras estrategias de marketing.<\/p>\n\n\n\n<p>The Gateway to Hope\/Hope and Healing Center &amp; Institute tambi\u00e9n puede mejorar su Informaci\u00f3n Personal vincul\u00e1ndola a datos obtenidos de terceros, como informaci\u00f3n no identificable personalmente (por ejemplo, caracter\u00edsticas demogr\u00e1ficas y geogr\u00e1ficas), as\u00ed como otros datos disponibles p\u00fablicamente, como informaci\u00f3n censal. Esta informaci\u00f3n mejorada nos permite ofrecer a nuestros usuarios una experiencia m\u00e1s personalizada.<\/p>\n\n\n\n<p>El objetivo principal de Gateway to Hope\/Hope and Healing Center &amp; Institute al recopilar y utilizar informaci\u00f3n personal es ofrecerle una experiencia significativa y personalizada mientras utiliza nuestros sitios web, as\u00ed como promocionar nuestra organizaci\u00f3n ben\u00e9fica de forma rentable y eficiente.<\/p>\n\n\n\n<p><strong>RECOGIDA Y USO DE OTRA INFORMACI\u00d3N; USO DE COOKIES<\/strong><\/p>\n\n\n\n<p>Es posible que haya o\u00eddo hablar de las \u201ccookies\u201d, que son peque\u00f1os archivos o fragmentos de informaci\u00f3n que su navegador almacena en el disco duro de su ordenador cuando visita un sitio web. El uso de cookies es un est\u00e1ndar de la industria, y las encontrar\u00e1 en la mayor\u00eda de los sitios web. Gateway to Hope\/Hope and Healing Center &amp; Institute puede utilizar cookies para recopilar otra informaci\u00f3n durante su visita a nuestros sitios web, como las \u00e1reas concretas del sitio que visita y las actividades en las que participa en nuestros sitios web. The Gateway to Hope\/Hope and Healing Center &amp; Institute no recopila autom\u00e1ticamente ninguna Informaci\u00f3n Personal, pero podemos combinar informaci\u00f3n no personal recopilada autom\u00e1ticamente (a trav\u00e9s de cookies) con Informaci\u00f3n Personal enviada voluntariamente. Dicha vinculaci\u00f3n puede producirse s\u00f3lo si usted proporciona a The Gateway to Hope\/Hope and Healing Center &amp; Institute Informaci\u00f3n Personal en nuestros sitios. Esta pr\u00e1ctica permite a The Gateway to Hope\/Hope and Healing Center &amp; Institute realizar un seguimiento de elementos como los niveles de interacci\u00f3n por correo electr\u00f3nico, las respuestas a encuestas y otras actividades web con el fin de adaptar mejor nuestro sitio web a sus intereses y necesidades. Las cookies tambi\u00e9n pueden utilizarse para agilizar sus futuras actividades en nuestros sitios web: el ordenador puede recordar que usted ya nos ha proporcionado Informaci\u00f3n Personal y no solicitar que nos la proporcione una segunda vez.<\/p>\n\n\n\n<p>Tambi\u00e9n podemos recopilar informaci\u00f3n an\u00f3nima sobre su ordenador, como su direcci\u00f3n IP (un n\u00famero asignado a su ordenador cada vez que navega por Internet), el tipo de navegador de Internet que utiliza y el tipo de sistema operativo que utiliza. Los servidores web, los ordenadores que \u201csirven\u201d las p\u00e1ginas web, identifican autom\u00e1ticamente su ordenador por su direcci\u00f3n IP. Cuando usted solicita una p\u00e1gina de este sitio web, nuestros servidores registran su direcci\u00f3n IP.<\/p>\n\n\n\n<p>La mayor\u00eda de los navegadores est\u00e1n configurados para aceptar cookies. Si lo prefiere, puede configurar el suyo para que rechace las cookies o para que le avise cuando se env\u00eden cookies. Si rechaza las cookies en el sitio al que ha accedido, es posible que no pueda visitar determinadas \u00e1reas de los sitios web o que no pueda recibir informaci\u00f3n personalizada cuando visite los sitios web.<\/p>\n\n\n\n<p><strong>CON QUI\u00c9N PODEMOS COMPARTIR INFORMACI\u00d3N<\/strong><\/p>\n\n\n\n<p>En el curso de nuestra actividad, contratamos a otras empresas para que realicen diversas funciones en nuestro nombre. Por ejemplo, en ocasiones podemos contratar a terceros para que analicen, actualicen y corrijan los datos que recopilamos en nuestros sitios web, incluida la Informaci\u00f3n Personal, para ayudarnos a mejorar nuestra base de datos y nuestro sitio web. Adem\u00e1s, podemos compartir Datos Personales con agentes, proveedores, empresas de log\u00edstica y otros terceros para permitir la entrega de productos, informaci\u00f3n, premios o servicios. Estos proveedores y otras terceras partes pueden tener acceso a su Informaci\u00f3n Personal si es necesaria para llevar a cabo sus funciones para The Hope and Healing Center, pero no est\u00e1n autorizados por nosotros a utilizar su Informaci\u00f3n Personal de ninguna otra manera que no sea el uso previsto.<\/p>\n\n\n\n<p>Tambi\u00e9n podemos compartir informaci\u00f3n agregada no identificable personalmente sobre nuestros usuarios con anunciantes, socios comerciales, patrocinadores y otros terceros. Por ejemplo, podemos comunicar a un socio comercial el n\u00famero de hombres y el n\u00famero de mujeres que han participado en un concurso, pero no revelamos informaci\u00f3n personal sobre dichos concursantes en violaci\u00f3n de esta Pol\u00edtica de Privacidad.<\/p>\n\n\n\n<p>Salvo lo dispuesto en la presente Pol\u00edtica de Privacidad, no vendemos, transferimos ni divulgamos sus Datos Personales sin su consentimiento previo.<br>Podremos divulgar sus Datos Personales si as\u00ed nos lo exige la ley, o una orden de registro, citaci\u00f3n u orden judicial, o a un tercero al que se transfiera la propiedad de Gateway to Hope\/The Hope and Healing Center &amp; Institute a trav\u00e9s de una adquisici\u00f3n, fusi\u00f3n, venta de activos o de otro modo.<\/p>\n\n\n\n<p><strong>GESTIONAR SU INFORMACI\u00d3N PERSONAL; DARSE DE BAJA<\/strong><\/p>\n\n\n\n<p>En \u00faltima instancia, usted controla la informaci\u00f3n personal que recopilamos y utilizamos. Queremos mantener sus datos completos, actualizados y exactos. Gateway to Hope\/The Hope and Healing Center &amp; Institute ofrece a sus usuarios las siguientes opciones para gestionar su Informaci\u00f3n Personal que se encuentra de forma razonablemente recuperable en nuestra base de datos:<\/p>\n\n\n\n<p>4 Env\u00edenos un correo electr\u00f3nico: Vaya a la p\u00e1gina de Contacto del sitio web y env\u00edenos un correo electr\u00f3nico. Aseg\u00farese de incluir su nombre, direcci\u00f3n, direcci\u00f3n de correo electr\u00f3nico e instrucciones claras sobre cualquier cambio en su Informaci\u00f3n Personal o si desea que le demos de baja de nuestra base de datos.<br>4 Ll\u00e1menos al (281) 219-3313 y facil\u00edtenos instrucciones claras sobre cualquier cambio en sus Datos Personales o ind\u00edquenos si desea que le demos de baja de nuestra base de datos.<\/p>\n\n\n\n<p>En caso de que un usuario se d\u00e9 de baja de nuestra base de datos, conservaremos un registro de la Informaci\u00f3n Personal y de la acci\u00f3n de darse de baja para nuestros registros internos como prueba de la acci\u00f3n y de nuestro cumplimiento de esta Pol\u00edtica de Privacidad.<\/p>\n\n\n\n<p><strong>PROTECCI\u00d3N DE DATOS Y SEGURIDAD<\/strong><\/p>\n\n\n\n<p>Tomamos precauciones razonables para mantener segura su informaci\u00f3n personal. Todo acceso a la informaci\u00f3n que recopilamos est\u00e1 sujeto a restricciones f\u00edsicas, electr\u00f3nicas y de gesti\u00f3n para evitar accesos no autorizados, modificaciones o usos indebidos. No obstante lo anterior, no podemos garantizar la seguridad de ninguna informaci\u00f3n que usted revele en l\u00ednea, y usted lo hace bajo su propia responsabilidad.<\/p>\n\n\n\n<p><strong>RECOGIDA DE DATOS PERSONALES DE MENORES DE 13 A\u00d1OS<\/strong><\/p>\n\n\n\n<p>El Hope and Healing Center &amp; Institute y el sitio web www.beanangel.org no tienen intenci\u00f3n de recopilar ninguna informaci\u00f3n personal de personas menores de 13 a\u00f1os, y no permitiremos conscientemente ning\u00fan pedido o comunicaci\u00f3n de un ni\u00f1o menor de 13 a\u00f1os.<\/p>\n\n\n\n<p><strong>NOTA IMPORTANTE PARA NI\u00d1OS Y PADRES<\/strong><\/p>\n\n\n\n<p>Ni\u00f1os:<br>Si tiene 18 a\u00f1os o menos, aseg\u00farese de pedir permiso a sus padres antes de facilitarnos cualquier informaci\u00f3n.<\/p>\n\n\n\n<p>Los padres:<br>Al comunicarnos directamente con menores a trav\u00e9s de Internet, reconocemos las cuestiones singulares que se plantean en relaci\u00f3n con la protecci\u00f3n de la privacidad de sus hijos. La Children's Advertising Review Unit (CARU), una secci\u00f3n de The Better Business Bureau, ha publicado directrices para los sitios web que recopilan informaci\u00f3n de menores. El Hope and Healing Center tiene la intenci\u00f3n de cumplir con las directrices CARU con el fin de proteger a sus hijos y su privacidad.<\/p>\n\n\n\n<p><strong>Cambios en nuestra pol\u00edtica de privacidad<\/strong><br>El Hope and Healing Center &amp; Institute se reserva el derecho de cambiar o eliminar esta Pol\u00edtica de Privacidad a nuestra discreci\u00f3n. Publicaremos cualquier cambio en esta Pol\u00edtica o cualquier nueva pol\u00edtica aqu\u00ed y le animamos a visitar esta \u00e1rea con frecuencia para mantenerse informado. Si se produce alg\u00fan cambio material en el tipo de informaci\u00f3n que recopilamos o en la forma en que utilizamos dicha informaci\u00f3n, obtendremos su permiso antes de realizar cualquier cambio.<\/p>\n\n\n\n<p><strong>ENLACES A OTROS SITIOS WEB<\/strong><\/p>\n\n\n\n<p>Los usuarios deben ser conscientes de que, cuando se encuentren en este sitio web, podr\u00edan ser dirigidos a otros sitios que est\u00e1n fuera del control de The Hope and Healing Center &amp; Institute. Puede haber enlaces a otros sitios web que incluyen enlaces de anunciantes, patrocinadores y socios que pueden utilizar la marca o el logotipo de Gateway to Hope\/The Hope and Healing Center &amp; Institute. Estos otros sitios web pueden enviar sus propias cookies a los usuarios, o recopilar datos o solicitar Informaci\u00f3n Personal. Compruebe el sitio vinculado para localizar y revisar su pol\u00edtica de privacidad, que puede ser diferente de esta Pol\u00edtica de Privacidad. The Hope and Healing Center &amp; Institute no avala ni garantiza la suficiencia, exactitud o integridad del contenido o la pol\u00edtica de privacidad de los sitios web de terceros a los que se pueda acceder desde este sitio.<\/p>\n\n\n\n<p><strong>C\u00d3MO PONERSE EN CONTACTO CON NOSOTROS<\/strong><\/p>\n\n\n\n<p>Si tiene alguna pregunta o duda sobre esta Pol\u00edtica de privacidad o la recopilaci\u00f3n de informaci\u00f3n, ll\u00e1menos al (346) 335-8700.<\/p>","protected":false},"excerpt":{"rendered":"<p>USE OF MATERIALS ON THIS WEBSITE Please note: The laws and regulations in different countries impose different (and even conflicting) requirements on the Internet and&hellip;<\/p>","protected":false},"author":3,"featured_media":0,"parent":0,"menu_order":0,"comment_status":"closed","ping_status":"closed","template":"","meta":{"_acf_changed":false,"_seopress_robots_primary_cat":"","_seopress_titles_title":"Terms of Use | GTHU","_seopress_titles_desc":"Explore our Terms of Use governing the materials on this website, aligned with the laws of Texas, USA. Understand your rights and obligations.","_seopress_robots_index":"","_uag_custom_page_level_css":"","footnotes":""},"class_list":["post-182","page","type-page","status-publish","hentry"],"acf":[],"uagb_featured_image_src":{"full":false,"thumbnail":false,"medium":false,"medium_large":false,"large":false,"1536x1536":false,"2048x2048":false,"trp-custom-language-flag":false,"uo_course_image_size":false,"post-thumbnail":false,"gform-image-choice-sm":false,"gform-image-choice-md":false,"gform-image-choice-lg":false,"woocommerce_thumbnail":false,"woocommerce_single":false,"woocommerce_gallery_thumbnail":false},"uagb_author_info":{"display_name":"al_admin","author_link":"https:\/\/learn.gthu.org\/es\/author\/al_admin\/"},"uagb_comment_info":0,"uagb_excerpt":"USE OF MATERIALS ON THIS WEBSITE Please note: The laws and regulations in different countries impose different (and even conflicting) requirements on the Internet and&hellip;","_links":{"self":[{"href":"https:\/\/learn.gthu.org\/es\/wp-json\/wp\/v2\/pages\/182","targetHints":{"allow":["GET"]}}],"collection":[{"href":"https:\/\/learn.gthu.org\/es\/wp-json\/wp\/v2\/pages"}],"about":[{"href":"https:\/\/learn.gthu.org\/es\/wp-json\/wp\/v2\/types\/page"}],"author":[{"embeddable":true,"href":"https:\/\/learn.gthu.org\/es\/wp-json\/wp\/v2\/users\/3"}],"replies":[{"embeddable":true,"href":"https:\/\/learn.gthu.org\/es\/wp-json\/wp\/v2\/comments?post=182"}],"version-history":[{"count":4,"href":"https:\/\/learn.gthu.org\/es\/wp-json\/wp\/v2\/pages\/182\/revisions"}],"predecessor-version":[{"id":72692,"href":"https:\/\/learn.gthu.org\/es\/wp-json\/wp\/v2\/pages\/182\/revisions\/72692"}],"wp:attachment":[{"href":"https:\/\/learn.gthu.org\/es\/wp-json\/wp\/v2\/media?parent=182"}],"curies":[{"name":"wp","href":"https:\/\/api.w.org\/{rel}","templated":true}]}}