{"id":12798,"date":"2024-03-13T16:21:05","date_gmt":"2024-03-13T21:21:05","guid":{"rendered":"https:\/\/gthuniversity.onpressidium.com\/?page_id=12798"},"modified":"2024-03-13T16:22:28","modified_gmt":"2024-03-13T21:22:28","slug":"site-map","status":"publish","type":"page","link":"https:\/\/learn.gthu.org\/es\/site-map\/","title":{"rendered":"Mapa del sitio"},"content":{"rendered":"<div data-elementor-type=\"wp-page\" data-elementor-id=\"12798\" class=\"elementor elementor-12798\" data-elementor-post-type=\"page\">\n\t\t\t\t<div class=\"elementor-element elementor-element-bd2ccb9 e-flex e-con-boxed e-con e-parent\" data-id=\"bd2ccb9\" data-element_type=\"container\" data-e-type=\"container\">\n\t\t\t\t\t<div class=\"e-con-inner\">\n\t\t\t\t<div class=\"elementor-element elementor-element-38ab703 elementor-widget elementor-widget-shortcode\" data-id=\"38ab703\" data-element_type=\"widget\" data-e-type=\"widget\" data-widget_type=\"shortcode.default\">\n\t\t\t\t<div class=\"elementor-widget-container\">\n\t\t\t\t\t\t\t<div class=\"elementor-shortcode\"><div class=\"wrap-html-sitemap sp-html-sitemap\"><div class=\"sp-wrap-cpt\"><h2 class=\"sp-cpt-name\">P\u00e1ginas<\/h2><ul class=\"sp-list-posts sp-cpt-hierarchical\"><li class=\"page_item page-item-64159\"><a href=\"https:\/\/learn.gthu.org\/es\/aging-with-grace-completion\/\">Envejecer con Gracia - Finalizaci\u00f3n<\/a><\/li><li class=\"page_item page-item-42254\"><a href=\"https:\/\/learn.gthu.org\/es\/cart\/\">Carrito<\/a><\/li><li class=\"page_item page-item-41420\"><a href=\"https:\/\/learn.gthu.org\/es\/checkout\/\">Pedido<\/a><\/li><li class=\"page_item page-item-17029\"><a href=\"https:\/\/learn.gthu.org\/es\/contact\/\">P\u00f3ngase en contacto con nosotros<\/a><\/li><li class=\"page_item page-item-109\"><a href=\"https:\/\/learn.gthu.org\/es\/course-catalog\/\">Cat\u00e1logo de cursos<\/a><\/li><li class=\"page_item page-item-68164\"><a href=\"https:\/\/learn.gthu.org\/es\/course-catalog-spanish\/\">Cat\u00e1logo de cursos<\/a><\/li><li class=\"page_item page-item-74153\"><a href=\"https:\/\/learn.gthu.org\/es\/empower-schools-educators-portal\/\">Portal de recursos para educadores Empower Schools\u2122\u00a0<\/a><\/li><li class=\"page_item page-item-65998\"><a href=\"https:\/\/learn.gthu.org\/es\/empower-training-by-gateway\/\">Formaci\u00f3n Empower de GTHU<\/a><\/li><li class=\"page_item page-item-68476\"><a href=\"https:\/\/learn.gthu.org\/es\/empower-workplace-training\/\">Formaci\u00f3n en el lugar de trabajo<\/a><\/li><li class=\"page_item page-item-500\"><a href=\"https:\/\/learn.gthu.org\/es\/forums\/\">Foros<\/a><\/li><li class=\"page_item page-item-1098\"><a href=\"https:\/\/learn.gthu.org\/es\/groups\/\">Grupos<\/a><\/li><li class=\"page_item page-item-71111\"><a href=\"https:\/\/learn.gthu.org\/es\/gthu-chrysalis2025\/\">GTHU<\/a><\/li><li class=\"page_item page-item-5513\"><a href=\"https:\/\/learn.gthu.org\/es\/blog\/\">Blog de GTHU<\/a><\/li><li class=\"page_item page-item-46\"><a href=\"https:\/\/learn.gthu.org\/es\/\">Inicio<\/a><\/li><li class=\"page_item page-item-71954\"><a href=\"https:\/\/learn.gthu.org\/es\/madness-grace-discussion-guide-2\/\">Locura y Gracia Gu\u00eda de debate<\/a><\/li><li class=\"page_item page-item-179\"><a href=\"https:\/\/learn.gthu.org\/es\/members\/\">Miembros<\/a><\/li><li class=\"page_item page-item-71183\"><a href=\"https:\/\/learn.gthu.org\/es\/mental-health-awareness-day\/\">D\u00eda de sensibilizaci\u00f3n sobre la salud mental<\/a><\/li><li class=\"page_item page-item-70886\"><a href=\"https:\/\/learn.gthu.org\/es\/mental-health-coach\/\">Entrenador de salud mental<\/a><\/li><li class=\"page_item page-item-72053\"><a href=\"https:\/\/learn.gthu.org\/es\/mental-health-coach-resource-center\/\">Centro de recursos para entrenadores de salud mental<\/a><\/li><li class=\"page_item page-item-65380\"><a href=\"https:\/\/learn.gthu.org\/es\/mental-health-coach-waitlist-scholarship\/\">Lista de espera de becas para entrenadores de salud mental<\/a><\/li><li class=\"page_item page-item-68795\"><a href=\"https:\/\/learn.gthu.org\/es\/mental-health-ministry\/\">Ministerio de Salud Mental<\/a><\/li><li class=\"page_item page-item-68879\"><a href=\"https:\/\/learn.gthu.org\/es\/mental-health-ministry-toolkit\/\">Herramientas para el Ministerio de Salud Mental<\/a><\/li><li class=\"page_item page-item-69881\"><a href=\"https:\/\/learn.gthu.org\/es\/mhc-informed-skills-workshop\/\">Taller de habilidades informadas de MHC<\/a><\/li><li class=\"page_item page-item-35764\"><a href=\"https:\/\/learn.gthu.org\/es\/my-account\/\">Mi cuenta<\/a><\/li><li class=\"page_item page-item-1119\"><a href=\"https:\/\/learn.gthu.org\/es\/trainings\/\">Mis formaciones<\/a><\/li><li class=\"page_item page-item-176\"><a href=\"https:\/\/learn.gthu.org\/es\/news-feed\/\">Noticias<\/a><\/li><li class=\"page_item page-item-41788\"><a href=\"https:\/\/learn.gthu.org\/es\/order-confirmation\/\">Confirmaci\u00f3n de pedido<\/a><\/li><li class=\"page_item page-item-73937\"><a href=\"https:\/\/learn.gthu.org\/es\/password-reset\/\">Restablecer contrase\u00f1a<\/a><\/li><li class=\"page_item page-item-59363\"><a href=\"https:\/\/learn.gthu.org\/es\/photos\/\">Fotos<\/a><\/li><li class=\"page_item page-item-185\"><a href=\"https:\/\/learn.gthu.org\/es\/privacy-policy\/\">Pol\u00edtica de privacidad<\/a><\/li><li class=\"page_item page-item-12118\"><a href=\"https:\/\/learn.gthu.org\/es\/register-broken\/\">Registro roto<\/a><\/li><li class=\"page_item page-item-30670\"><a href=\"https:\/\/learn.gthu.org\/es\/resources\/\">Recursos<\/a><\/li><li class=\"page_item page-item-182\"><a href=\"https:\/\/learn.gthu.org\/es\/terms-of-use\/\">Condiciones de uso<\/a><\/li><li class=\"page_item page-item-67291\"><a href=\"https:\/\/learn.gthu.org\/es\/waitlist\/\">Gracias<\/a><\/li><li class=\"page_item page-item-6197\"><a href=\"https:\/\/learn.gthu.org\/es\/webinars\/\">Seminarios en l\u00ednea<\/a><\/li><\/ul><\/div><div class=\"sp-wrap-cpt\"><h2 class=\"sp-cpt-name\">Entradas<\/h2><div class=\"sp-wrap-cats\"><div class=\"sp-wrap-cat\"><h3 class=\"sp-cat-name\"><a href=\"https:\/\/learn.gthu.org\/es\/category\/addiction\/\">Adicci\u00f3n<\/a><\/h3><ul class=\"sp-list-posts\"><li><a href=\"https:\/\/learn.gthu.org\/es\/mental-health-and-the-recovery-journey\/\">La salud mental y el proceso de recuperaci\u00f3n<\/a> - 17 septiembre 2024<\/li><li><a href=\"https:\/\/learn.gthu.org\/es\/social-drinking-vs-binge-drinking-wheres-the-line\/\">Consumo social de alcohol frente a consumo compulsivo: \u00bfD\u00f3nde est\u00e1 el l\u00edmite?<\/a> - 12 marzo 2025<\/li><li><a href=\"https:\/\/learn.gthu.org\/es\/substance-abuse-addiction-in-the-workplace\/\">Abuso de sustancias y adicciones en el lugar de trabajo<\/a> - 28 agosto 2024<\/li><li><a href=\"https:\/\/learn.gthu.org\/es\/substance-misuse-understanding-awareness-solutions\/\">Abuso de sustancias: Comprensi\u00f3n, concienciaci\u00f3n y soluciones<\/a> - 15 abril 2024<\/li><li><a href=\"https:\/\/learn.gthu.org\/es\/understanding-and-reducing-the-impact-of-non-substance-addictions\/\">Comprender y reducir el impacto de las adicciones sin sustancia<\/a> - 15 de marzo de 2024<\/li><\/ul><\/div><div class=\"sp-wrap-cat\"><h3 class=\"sp-cat-name\"><a href=\"https:\/\/learn.gthu.org\/es\/category\/adhd\/\">TDAH<\/a><\/h3><ul class=\"sp-list-posts\"><li><a href=\"https:\/\/learn.gthu.org\/es\/teen-mental-health-understanding-support\/\">Salud mental de los adolescentes: Comprensi\u00f3n y apoyo<\/a> - 1 de mayo de 2024<\/li><\/ul><\/div><div class=\"sp-wrap-cat\"><h3 class=\"sp-cat-name\"><a href=\"https:\/\/learn.gthu.org\/es\/category\/aging-elder-care\/\">Envejecimiento y cuidado de ancianos<\/a><\/h3><\/div><div class=\"sp-wrap-cat\"><h3 class=\"sp-cat-name\"><a href=\"https:\/\/learn.gthu.org\/es\/category\/anxiety\/\">Ansiedad<\/a><\/h3><ul class=\"sp-list-posts\"><li><a href=\"https:\/\/learn.gthu.org\/es\/bullying-debunking-myths-vs-facts\/\">Acoso escolar: Mitos y realidades<\/a> - 13 enero 2024<\/li><li><a href=\"https:\/\/learn.gthu.org\/es\/navigating-grief-and-its-impact-on-behavioral-health\/\">Navegar por el duelo y su impacto en la salud conductual<\/a> - 14 febrero 2024<\/li><li><a href=\"https:\/\/learn.gthu.org\/es\/risk-factors-linked-to-trauma-and-mental-and-behavioral-health\/\">Factores de riesgo relacionados con el trauma y la salud mental y conductual<\/a> - 15 de marzo de 2024<\/li><li><a href=\"https:\/\/learn.gthu.org\/es\/shedding-light-on-self-injury\/\">Arrojar luz sobre las autolesiones<\/a> - 16 mayo 2024<\/li><li><a href=\"https:\/\/learn.gthu.org\/es\/supporting-loved-ones-during-the-holidays-recognizing-seasonal-struggles\/\">Apoyar a los seres queridos durante las fiestas: Reconocer las dificultades estacionales<\/a> - 11 diciembre 2024<\/li><li><a href=\"https:\/\/learn.gthu.org\/es\/teen-mental-health-understanding-support\/\">Salud mental de los adolescentes: Comprensi\u00f3n y apoyo<\/a> - 1 de mayo de 2024<\/li><\/ul><\/div><div class=\"sp-wrap-cat\"><h3 class=\"sp-cat-name\"><a href=\"https:\/\/learn.gthu.org\/es\/category\/behavioral-health\/\">Salud conductual<\/a><\/h3><ul class=\"sp-list-posts\"><li><a href=\"https:\/\/learn.gthu.org\/es\/breaking-barriers-to-mental-health-care\/\">Romper barreras en la atenci\u00f3n a la salud mental<\/a> - 5 febrero 2025<\/li><li><a href=\"https:\/\/learn.gthu.org\/es\/mental-health-and-the-recovery-journey\/\">La salud mental y el proceso de recuperaci\u00f3n<\/a> - 17 septiembre 2024<\/li><li><a href=\"https:\/\/learn.gthu.org\/es\/new-year-new-you-making-resolutions-for-better-mental-health\/\">A\u00f1o nuevo, t\u00fa nuevo: Prop\u00f3sitos para mejorar la salud mental<\/a> - 2 de enero de 2025<\/li><li><a href=\"https:\/\/learn.gthu.org\/es\/risk-factors-linked-to-trauma-and-mental-and-behavioral-health\/\">Factores de riesgo relacionados con el trauma y la salud mental y conductual<\/a> - 15 de marzo de 2024<\/li><li><a href=\"https:\/\/learn.gthu.org\/es\/self-care-and-burnout-understanding-the-effects-and-importance-for-your-mental-health\/\">Autocuidado y Burnout: Comprender los efectos y la importancia para su salud mental<\/a> - 6 mayo 2025<\/li><li><a href=\"https:\/\/learn.gthu.org\/es\/social-drinking-vs-binge-drinking-wheres-the-line\/\">Consumo social de alcohol frente a consumo compulsivo: \u00bfD\u00f3nde est\u00e1 el l\u00edmite?<\/a> - 12 marzo 2025<\/li><li><a href=\"https:\/\/learn.gthu.org\/es\/teen-mental-health-understanding-support\/\">Salud mental de los adolescentes: Comprensi\u00f3n y apoyo<\/a> - 1 de mayo de 2024<\/li><li><a href=\"https:\/\/learn.gthu.org\/es\/the-importance-of-mental-health-awareness\/\">La importancia de la concienciaci\u00f3n sobre la salud mental\u00a0<\/a> - 30 abril 2025<\/li><li><a href=\"https:\/\/learn.gthu.org\/es\/understanding-and-reducing-the-impact-of-non-substance-addictions\/\">Comprender y reducir el impacto de las adicciones sin sustancia<\/a> - 15 de marzo de 2024<\/li><\/ul><\/div><div class=\"sp-wrap-cat\"><h3 class=\"sp-cat-name\"><a href=\"https:\/\/learn.gthu.org\/es\/category\/bipolar\/\">Bipolar<\/a><\/h3><ul class=\"sp-list-posts\"><li><a href=\"https:\/\/learn.gthu.org\/es\/shedding-light-on-self-injury\/\">Arrojar luz sobre las autolesiones<\/a> - 16 mayo 2024<\/li><\/ul><\/div><div class=\"sp-wrap-cat\"><h3 class=\"sp-cat-name\"><a href=\"https:\/\/learn.gthu.org\/es\/category\/borderline-personality\/\">Personalidad l\u00edmite<\/a><\/h3><ul class=\"sp-list-posts\"><li><a href=\"https:\/\/learn.gthu.org\/es\/shedding-light-on-self-injury\/\">Arrojar luz sobre las autolesiones<\/a> - 16 mayo 2024<\/li><\/ul><\/div><div class=\"sp-wrap-cat\"><h3 class=\"sp-cat-name\"><a href=\"https:\/\/learn.gthu.org\/es\/category\/children-adolescent\/\">Ni\u00f1os y adolescentes<\/a><\/h3><ul class=\"sp-list-posts\"><li><a href=\"https:\/\/learn.gthu.org\/es\/bullying-debunking-myths-vs-facts\/\">Acoso escolar: Mitos y realidades<\/a> - 13 enero 2024<\/li><li><a href=\"https:\/\/learn.gthu.org\/es\/teen-mental-health-understanding-support\/\">Salud mental de los adolescentes: Comprensi\u00f3n y apoyo<\/a> - 1 de mayo de 2024<\/li><\/ul><\/div><div class=\"sp-wrap-cat\"><h3 class=\"sp-cat-name\"><a href=\"https:\/\/learn.gthu.org\/es\/category\/depression\/\">Depresi\u00f3n<\/a><\/h3><ul class=\"sp-list-posts\"><li><a href=\"https:\/\/learn.gthu.org\/es\/bullying-debunking-myths-vs-facts\/\">Acoso escolar: Mitos y realidades<\/a> - 13 enero 2024<\/li><li><a href=\"https:\/\/learn.gthu.org\/es\/navigating-grief-and-its-impact-on-behavioral-health\/\">Navegar por el duelo y su impacto en la salud conductual<\/a> - 14 febrero 2024<\/li><li><a href=\"https:\/\/learn.gthu.org\/es\/new-year-new-you-making-resolutions-for-better-mental-health\/\">A\u00f1o nuevo, t\u00fa nuevo: Prop\u00f3sitos para mejorar la salud mental<\/a> - 2 de enero de 2025<\/li><li><a href=\"https:\/\/learn.gthu.org\/es\/risk-factors-linked-to-trauma-and-mental-and-behavioral-health\/\">Factores de riesgo relacionados con el trauma y la salud mental y conductual<\/a> - 15 de marzo de 2024<\/li><li><a href=\"https:\/\/learn.gthu.org\/es\/shedding-light-on-self-injury\/\">Arrojar luz sobre las autolesiones<\/a> - 16 mayo 2024<\/li><li><a href=\"https:\/\/learn.gthu.org\/es\/supporting-loved-ones-during-the-holidays-recognizing-seasonal-struggles\/\">Apoyar a los seres queridos durante las fiestas: Reconocer las dificultades estacionales<\/a> - 11 diciembre 2024<\/li><li><a href=\"https:\/\/learn.gthu.org\/es\/teen-mental-health-understanding-support\/\">Salud mental de los adolescentes: Comprensi\u00f3n y apoyo<\/a> - 1 de mayo de 2024<\/li><\/ul><\/div><div class=\"sp-wrap-cat\"><h3 class=\"sp-cat-name\"><a href=\"https:\/\/learn.gthu.org\/es\/category\/eating-disorder\/\">Trastornos alimentarios<\/a><\/h3><\/div><div class=\"sp-wrap-cat\"><h3 class=\"sp-cat-name\"><a href=\"https:\/\/learn.gthu.org\/es\/category\/featured\/\">Destacados<\/a><\/h3><ul class=\"sp-list-posts\"><li><a href=\"https:\/\/learn.gthu.org\/es\/breaking-barriers-to-mental-health-care\/\">Romper barreras en la atenci\u00f3n a la salud mental<\/a> - 5 febrero 2025<\/li><li><a href=\"https:\/\/learn.gthu.org\/es\/bullying-debunking-myths-vs-facts\/\">Acoso escolar: Mitos y realidades<\/a> - 13 enero 2024<\/li><li><a href=\"https:\/\/learn.gthu.org\/es\/navigating-grief-and-its-impact-on-behavioral-health\/\">Navegar por el duelo y su impacto en la salud conductual<\/a> - 14 febrero 2024<\/li><li><a href=\"https:\/\/learn.gthu.org\/es\/tips-and-strategies-for-overcoming-imposter-syndrome\/\">Consejos y estrategias para superar el s\u00edndrome del impostor<\/a> - 14 febrero 2024<\/li><\/ul><\/div><div class=\"sp-wrap-cat\"><h3 class=\"sp-cat-name\"><a href=\"https:\/\/learn.gthu.org\/es\/category\/grief\/\">Duelo<\/a><\/h3><ul class=\"sp-list-posts\"><li><a href=\"https:\/\/learn.gthu.org\/es\/navigating-grief-and-its-impact-on-behavioral-health\/\">Navegar por el duelo y su impacto en la salud conductual<\/a> - 14 febrero 2024<\/li><\/ul><\/div><div class=\"sp-wrap-cat\"><h3 class=\"sp-cat-name\"><a href=\"https:\/\/learn.gthu.org\/es\/category\/imposter-syndrome\/\">S\u00edndrome del impostor<\/a><\/h3><ul class=\"sp-list-posts\"><li><a href=\"https:\/\/learn.gthu.org\/es\/tips-and-strategies-for-overcoming-imposter-syndrome\/\">Consejos y estrategias para superar el s\u00edndrome del impostor<\/a> - 14 febrero 2024<\/li><\/ul><\/div><div class=\"sp-wrap-cat\"><h3 class=\"sp-cat-name\"><a href=\"https:\/\/learn.gthu.org\/es\/category\/post-traumatic-stress\/\">Estr\u00e9s postraum\u00e1tico<\/a><\/h3><ul class=\"sp-list-posts\"><li><a href=\"https:\/\/learn.gthu.org\/es\/navigating-grief-and-its-impact-on-behavioral-health\/\">Navegar por el duelo y su impacto en la salud conductual<\/a> - 14 febrero 2024<\/li><li><a href=\"https:\/\/learn.gthu.org\/es\/risk-factors-linked-to-trauma-and-mental-and-behavioral-health\/\">Factores de riesgo relacionados con el trauma y la salud mental y conductual<\/a> - 15 de marzo de 2024<\/li><\/ul><\/div><div class=\"sp-wrap-cat\"><h3 class=\"sp-cat-name\"><a href=\"https:\/\/learn.gthu.org\/es\/category\/self-harm\/\">Autolesiones<\/a><\/h3><ul class=\"sp-list-posts\"><li><a href=\"https:\/\/learn.gthu.org\/es\/shedding-light-on-self-injury\/\">Arrojar luz sobre las autolesiones<\/a> - 16 mayo 2024<\/li><li><a href=\"https:\/\/learn.gthu.org\/es\/social-drinking-vs-binge-drinking-wheres-the-line\/\">Consumo social de alcohol frente a consumo compulsivo: \u00bfD\u00f3nde est\u00e1 el l\u00edmite?<\/a> - 12 marzo 2025<\/li><\/ul><\/div><div class=\"sp-wrap-cat\"><h3 class=\"sp-cat-name\"><a href=\"https:\/\/learn.gthu.org\/es\/category\/stress\/\">Estr\u00e9s<\/a><\/h3><ul class=\"sp-list-posts\"><li><a href=\"https:\/\/learn.gthu.org\/es\/bullying-debunking-myths-vs-facts\/\">Acoso escolar: Mitos y realidades<\/a> - 13 enero 2024<\/li><li><a href=\"https:\/\/learn.gthu.org\/es\/new-year-new-you-making-resolutions-for-better-mental-health\/\">A\u00f1o nuevo, t\u00fa nuevo: Prop\u00f3sitos para mejorar la salud mental<\/a> - 2 de enero de 2025<\/li><li><a href=\"https:\/\/learn.gthu.org\/es\/risk-factors-linked-to-trauma-and-mental-and-behavioral-health\/\">Factores de riesgo relacionados con el trauma y la salud mental y conductual<\/a> - 15 de marzo de 2024<\/li><li><a href=\"https:\/\/learn.gthu.org\/es\/shedding-light-on-self-injury\/\">Arrojar luz sobre las autolesiones<\/a> - 16 mayo 2024<\/li><li><a href=\"https:\/\/learn.gthu.org\/es\/supporting-loved-ones-during-the-holidays-recognizing-seasonal-struggles\/\">Apoyar a los seres queridos durante las fiestas: Reconocer las dificultades estacionales<\/a> - 11 diciembre 2024<\/li><\/ul><\/div><div class=\"sp-wrap-cat\"><h3 class=\"sp-cat-name\"><a href=\"https:\/\/learn.gthu.org\/es\/category\/substance-abuse\/\">Abuso de sustancias<\/a><\/h3><ul class=\"sp-list-posts\"><li><a href=\"https:\/\/learn.gthu.org\/es\/mental-health-and-the-recovery-journey\/\">La salud mental y el proceso de recuperaci\u00f3n<\/a> - 17 septiembre 2024<\/li><li><a href=\"https:\/\/learn.gthu.org\/es\/navigating-grief-and-its-impact-on-behavioral-health\/\">Navegar por el duelo y su impacto en la salud conductual<\/a> - 14 febrero 2024<\/li><li><a href=\"https:\/\/learn.gthu.org\/es\/social-drinking-vs-binge-drinking-wheres-the-line\/\">Consumo social de alcohol frente a consumo compulsivo: \u00bfD\u00f3nde est\u00e1 el l\u00edmite?<\/a> - 12 marzo 2025<\/li><li><a href=\"https:\/\/learn.gthu.org\/es\/substance-abuse-addiction-in-the-workplace\/\">Abuso de sustancias y adicciones en el lugar de trabajo<\/a> - 28 agosto 2024<\/li><li><a href=\"https:\/\/learn.gthu.org\/es\/substance-misuse-understanding-awareness-solutions\/\">Abuso de sustancias: Comprensi\u00f3n, concienciaci\u00f3n y soluciones<\/a> - 15 abril 2024<\/li><\/ul><\/div><div class=\"sp-wrap-cat\"><h3 class=\"sp-cat-name\"><a href=\"https:\/\/learn.gthu.org\/es\/category\/substance-related-and-addictive\/\">Relacionadas con sustancias y adictivas<\/a><\/h3><ul class=\"sp-list-posts\"><li><a href=\"https:\/\/learn.gthu.org\/es\/mental-health-and-the-recovery-journey\/\">La salud mental y el proceso de recuperaci\u00f3n<\/a> - 17 septiembre 2024<\/li><li><a href=\"https:\/\/learn.gthu.org\/es\/navigating-grief-and-its-impact-on-behavioral-health\/\">Navegar por el duelo y su impacto en la salud conductual<\/a> - 14 febrero 2024<\/li><li><a href=\"https:\/\/learn.gthu.org\/es\/social-drinking-vs-binge-drinking-wheres-the-line\/\">Consumo social de alcohol frente a consumo compulsivo: \u00bfD\u00f3nde est\u00e1 el l\u00edmite?<\/a> - 12 marzo 2025<\/li><li><a href=\"https:\/\/learn.gthu.org\/es\/substance-misuse-understanding-awareness-solutions\/\">Abuso de sustancias: Comprensi\u00f3n, concienciaci\u00f3n y soluciones<\/a> - 15 abril 2024<\/li><\/ul><\/div><div class=\"sp-wrap-cat\"><h3 class=\"sp-cat-name\"><a href=\"https:\/\/learn.gthu.org\/es\/category\/trauma\/\">Trauma<\/a><\/h3><ul class=\"sp-list-posts\"><li><a href=\"https:\/\/learn.gthu.org\/es\/bullying-debunking-myths-vs-facts\/\">Acoso escolar: Mitos y realidades<\/a> - 13 enero 2024<\/li><li><a href=\"https:\/\/learn.gthu.org\/es\/risk-factors-linked-to-trauma-and-mental-and-behavioral-health\/\">Factores de riesgo relacionados con el trauma y la salud mental y conductual<\/a> - 15 de marzo de 2024<\/li><li><a href=\"https:\/\/learn.gthu.org\/es\/shedding-light-on-self-injury\/\">Arrojar luz sobre las autolesiones<\/a> - 16 mayo 2024<\/li><\/ul><\/div><div class=\"sp-wrap-cat\"><h3 class=\"sp-cat-name\"><a href=\"https:\/\/learn.gthu.org\/es\/category\/uncategorized\/\">Sin categor\u00eda<\/a><\/h3><ul class=\"sp-list-posts\"><li><a href=\"https:\/\/learn.gthu.org\/es\/breaking-barriers-to-mental-health-care\/\">Romper barreras en la atenci\u00f3n a la salud mental<\/a> - 5 febrero 2025<\/li><li><a href=\"https:\/\/learn.gthu.org\/es\/social-drinking-vs-binge-drinking-wheres-the-line\/\">Consumo social de alcohol frente a consumo compulsivo: \u00bfD\u00f3nde est\u00e1 el l\u00edmite?<\/a> - 12 marzo 2025<\/li><\/ul><\/div><\/div><\/div><\/div><\/div>\n\t\t\t\t\t\t<\/div>\n\t\t\t\t<\/div>\n\t\t\t\t\t<\/div>\n\t\t\t\t<\/div>\n\t\t\t\t<\/div>","protected":false},"excerpt":{"rendered":"","protected":false},"author":14,"featured_media":0,"parent":0,"menu_order":0,"comment_status":"closed","ping_status":"closed","template":"","meta":{"_acf_changed":false,"_seopress_robots_primary_cat":"","_seopress_titles_title":"","_seopress_titles_desc":"","_seopress_robots_index":"","_uag_custom_page_level_css":"","footnotes":""},"class_list":["post-12798","page","type-page","status-publish","hentry"],"acf":[],"uagb_featured_image_src":{"full":false,"thumbnail":false,"medium":false,"medium_large":false,"large":false,"1536x1536":false,"2048x2048":false,"trp-custom-language-flag":false,"post-thumbnail":false,"gform-image-choice-sm":false,"gform-image-choice-md":false,"gform-image-choice-lg":false,"woocommerce_thumbnail":false,"woocommerce_single":false,"woocommerce_gallery_thumbnail":false},"uagb_author_info":{"display_name":"PDX-Pat","author_link":"https:\/\/learn.gthu.org\/es\/author\/pat\/"},"uagb_comment_info":0,"uagb_excerpt":null,"_links":{"self":[{"href":"https:\/\/learn.gthu.org\/es\/wp-json\/wp\/v2\/pages\/12798","targetHints":{"allow":["GET"]}}],"collection":[{"href":"https:\/\/learn.gthu.org\/es\/wp-json\/wp\/v2\/pages"}],"about":[{"href":"https:\/\/learn.gthu.org\/es\/wp-json\/wp\/v2\/types\/page"}],"author":[{"embeddable":true,"href":"https:\/\/learn.gthu.org\/es\/wp-json\/wp\/v2\/users\/14"}],"replies":[{"embeddable":true,"href":"https:\/\/learn.gthu.org\/es\/wp-json\/wp\/v2\/comments?post=12798"}],"version-history":[{"count":4,"href":"https:\/\/learn.gthu.org\/es\/wp-json\/wp\/v2\/pages\/12798\/revisions"}],"predecessor-version":[{"id":12814,"href":"https:\/\/learn.gthu.org\/es\/wp-json\/wp\/v2\/pages\/12798\/revisions\/12814"}],"wp:attachment":[{"href":"https:\/\/learn.gthu.org\/es\/wp-json\/wp\/v2\/media?parent=12798"}],"curies":[{"name":"wp","href":"https:\/\/api.w.org\/{rel}","templated":true}]}}