{"id":1119,"date":"2024-01-08T15:38:47","date_gmt":"2024-01-08T21:38:47","guid":{"rendered":"https:\/\/gthuniversity.onpressidium.com\/?page_id=1119"},"modified":"2024-01-23T13:00:31","modified_gmt":"2024-01-23T19:00:31","slug":"trainings","status":"publish","type":"page","link":"https:\/\/learn.gthu.org\/es\/trainings\/","title":{"rendered":"Mis formaciones"},"content":{"rendered":"<div data-elementor-type=\"wp-page\" data-elementor-id=\"1119\" class=\"elementor elementor-1119\" data-elementor-post-type=\"page\">\n\t\t\t\t<div class=\"elementor-element elementor-element-4de2cf23 e-con-full e-flex e-con e-parent\" data-id=\"4de2cf23\" data-element_type=\"container\" data-e-type=\"container\">\n\t\t\t\t<div class=\"elementor-element elementor-element-51e143a4 elementor-widget elementor-widget-text-editor\" data-id=\"51e143a4\" data-element_type=\"widget\" data-e-type=\"widget\" data-widget_type=\"text-editor.default\">\n\t\t\t\t<div class=\"elementor-widget-container\">\n\t\t\t\t\t\t\t\t\t<h2>Formaci\u00f3n en la que est\u00e1 matriculado<\/h2>\t\t\t\t\t\t\t\t<\/div>\n\t\t\t\t<\/div>\n\t\t\t\t<\/div>\n\t\t<div class=\"elementor-element elementor-element-c8cef61 e-con-full e-flex e-con e-parent\" data-id=\"c8cef61\" data-element_type=\"container\" data-e-type=\"container\">\n\t\t\t\t<div class=\"elementor-element elementor-element-202eb70 elementor-widget elementor-widget-text-editor\" data-id=\"202eb70\" data-element_type=\"widget\" data-e-type=\"widget\" data-widget_type=\"text-editor.default\">\n\t\t\t\t<div class=\"elementor-widget-container\">\n\t\t\t\t\t\t\t\t\t<h2>Formaci\u00f3n que ha realizado<\/h2>\t\t\t\t\t\t\t\t<\/div>\n\t\t\t\t<\/div>\n\t\t\t\t<\/div>\n\t\t\t\t<\/div>","protected":false},"excerpt":{"rendered":"<p>Formaci\u00f3n en la que est\u00e1 matriculado Formaci\u00f3n que ha completado<\/p>","protected":false},"author":3,"featured_media":0,"parent":0,"menu_order":0,"comment_status":"closed","ping_status":"closed","template":"","meta":{"_acf_changed":false,"_seopress_robots_primary_cat":"","_seopress_titles_title":"","_seopress_titles_desc":"","_seopress_robots_index":"","_uag_custom_page_level_css":"","footnotes":""},"class_list":["post-1119","page","type-page","status-publish","hentry"],"acf":[],"uagb_featured_image_src":{"full":false,"thumbnail":false,"medium":false,"medium_large":false,"large":false,"1536x1536":false,"2048x2048":false,"trp-custom-language-flag":false,"post-thumbnail":false,"gform-image-choice-sm":false,"gform-image-choice-md":false,"gform-image-choice-lg":false,"woocommerce_thumbnail":false,"woocommerce_single":false,"woocommerce_gallery_thumbnail":false},"uagb_author_info":{"display_name":"al_admin","author_link":"https:\/\/learn.gthu.org\/es\/author\/al_admin\/"},"uagb_comment_info":0,"uagb_excerpt":"Training you are enrolled in Training you have completed","_links":{"self":[{"href":"https:\/\/learn.gthu.org\/es\/wp-json\/wp\/v2\/pages\/1119","targetHints":{"allow":["GET"]}}],"collection":[{"href":"https:\/\/learn.gthu.org\/es\/wp-json\/wp\/v2\/pages"}],"about":[{"href":"https:\/\/learn.gthu.org\/es\/wp-json\/wp\/v2\/types\/page"}],"author":[{"embeddable":true,"href":"https:\/\/learn.gthu.org\/es\/wp-json\/wp\/v2\/users\/3"}],"replies":[{"embeddable":true,"href":"https:\/\/learn.gthu.org\/es\/wp-json\/wp\/v2\/comments?post=1119"}],"version-history":[{"count":5,"href":"https:\/\/learn.gthu.org\/es\/wp-json\/wp\/v2\/pages\/1119\/revisions"}],"predecessor-version":[{"id":3473,"href":"https:\/\/learn.gthu.org\/es\/wp-json\/wp\/v2\/pages\/1119\/revisions\/3473"}],"wp:attachment":[{"href":"https:\/\/learn.gthu.org\/es\/wp-json\/wp\/v2\/media?parent=1119"}],"curies":[{"name":"wp","href":"https:\/\/api.w.org\/{rel}","templated":true}]}}