{"id":40730,"date":"2024-08-12T10:41:56","date_gmt":"2024-08-12T15:41:56","guid":{"rendered":"https:\/\/learn.gthu.org\/?post_type=product&#038;p=40730"},"modified":"2025-03-21T16:31:45","modified_gmt":"2025-03-21T21:31:45","slug":"coach-de-la-salud-mental","status":"publish","type":"product","link":"https:\/\/learn.gthu.org\/en\/product\/coach-de-la-salud-mental\/","title":{"rendered":"Coach de la Salud Mental"},"content":{"rendered":"<p><strong>Este curso incluye:<\/strong><\/p>\n<ul>\n<li>La formaci\u00f3n para entrenadores de salud mental con informaci\u00f3n esencial, herramientas, escenarios y pasos pr\u00e1cticos.<\/li>\n<li>Un formaci\u00f3n de especialidad en un \u00e1rea de su elecci\u00f3n.<\/li>\n<li>Una copia gratuita de <i>reImagine: A Holistic Approach to Mental Wellness and Recovery<\/i> por Matthew Stanford Ph.D. y Joe Padilla, un libro de trabajo que puedes usar para guiar tu pr\u00e1ctica de Coach de Salud Mental.<\/li>\n<li>Planes de estudios gratuito de Transformed Groups para dirigir grupos de apoyo.<\/li>\n<li>Acceso a un mapa comunitario, donde puede compartir sus datos de contacto y acceder a otros recursos de su zona.<\/li>\n<li>Acceso al foro de entrenadores de salud mental, donde podr\u00e1s ponerte en contacto con otros entrenadores de salud mental.<\/li>\n<\/ul>\n","protected":false},"excerpt":{"rendered":"<p>\u00bfQuiere ampliar su formaci\u00f3n en salud mental? Los asesores de salud mental ayudan a las personas y a las comunidades religiosas a aprender a gestionar las emociones, reducir el estr\u00e9s y la ansiedad, cuestionar los patrones de pensamiento negativos y mejorar las habilidades relacionales, todo lo cual favorece la salud mental. Tambi\u00e9n aprender\u00e1s a mantener la \u00e9tica y la confidencialidad, y a comprender los l\u00edmites de la confidencialidad.<\/p>\n<p>Nuestra formaci\u00f3n en Coaching de Salud Mental le proporciona informaci\u00f3n, habilidades, escenarios pr\u00e1cticos y pasos pr\u00e1cticos que le guiar\u00e1n hacia la creaci\u00f3n de su pr\u00e1ctica de Coaching de Salud Mental en su comunidad. El curso online incluye coaching en salud mental y una especialidad en un \u00e1rea de su elecci\u00f3n. Los cursos de especializaci\u00f3n est\u00e1n disponibles en las siguientes \u00e1reas: Adicci\u00f3n y Salud Conductual, Ni\u00f1os y Adolescentes, Envejecimiento y Cuidado de Ancianos, y Trauma. Recibir\u00e1s una certificaci\u00f3n al final de esta formaci\u00f3n.<\/p>\n<p>Ayude a renovar las mentes de aquellos que luchan con su salud mental. Te ense\u00f1aremos a ofrecer ayuda, esperanza y aliento a quienes necesitan orientaci\u00f3n en su camino hacia la recuperaci\u00f3n y el bienestar de la salud mental.<\/p>\n<p><strong><span style=\"color: #25989e;\">Por favor, elija un curso especializado sin costo.<\/span> A partir de ah\u00ed, cada uno cuesta $50.<\/strong><\/p>\n","protected":false},"featured_media":30986,"comment_status":"closed","ping_status":"closed","template":"","meta":{"_acf_changed":false,"_seopress_robots_primary_cat":"none","_seopress_titles_title":"","_seopress_titles_desc":"","_seopress_robots_index":"","_uag_custom_page_level_css":""},"product_brand":[],"product_cat":[302],"product_tag":[],"class_list":{"0":"post-40730","1":"product","2":"type-product","3":"status-publish","4":"has-post-thumbnail","6":"product_cat-spanish-courses","8":"first","9":"instock","10":"virtual","11":"sold-individually","12":"purchasable","13":"product-type-simple"},"acf":[],"uagb_featured_image_src":{"full":["https:\/\/learn.gthu.org\/wp-content\/uploads\/2022\/09\/coach-de-salud-mental.jpg?wsr",500,500,false],"thumbnail":["https:\/\/learn.gthu.org\/wp-content\/uploads\/2022\/09\/coach-de-salud-mental-150x150.jpg?wsr",150,150,true],"medium":["https:\/\/learn.gthu.org\/wp-content\/uploads\/2022\/09\/coach-de-salud-mental-300x300.jpg?wsr",300,300,true],"medium_large":["https:\/\/learn.gthu.org\/wp-content\/uploads\/2022\/09\/coach-de-salud-mental.jpg?wsr",500,500,false],"large":["https:\/\/learn.gthu.org\/wp-content\/uploads\/2022\/09\/coach-de-salud-mental.jpg?wsr",500,500,false],"1536x1536":["https:\/\/learn.gthu.org\/wp-content\/uploads\/2022\/09\/coach-de-salud-mental.jpg?wsr",500,500,false],"2048x2048":["https:\/\/learn.gthu.org\/wp-content\/uploads\/2022\/09\/coach-de-salud-mental.jpg?wsr",500,500,false],"trp-custom-language-flag":["https:\/\/learn.gthu.org\/wp-content\/uploads\/2022\/09\/coach-de-salud-mental.jpg?wsr",12,12,false],"post-thumbnail":["https:\/\/learn.gthu.org\/wp-content\/uploads\/2022\/09\/coach-de-salud-mental.jpg?wsr",500,500,false],"gform-image-choice-sm":["https:\/\/learn.gthu.org\/wp-content\/uploads\/2022\/09\/coach-de-salud-mental.jpg?wsr",300,300,false],"gform-image-choice-md":["https:\/\/learn.gthu.org\/wp-content\/uploads\/2022\/09\/coach-de-salud-mental.jpg?wsr",400,400,false],"gform-image-choice-lg":["https:\/\/learn.gthu.org\/wp-content\/uploads\/2022\/09\/coach-de-salud-mental.jpg?wsr",500,500,false],"woocommerce_thumbnail":["https:\/\/learn.gthu.org\/wp-content\/uploads\/2022\/09\/coach-de-salud-mental-300x300.jpg?wsr",300,300,true],"woocommerce_single":["https:\/\/learn.gthu.org\/wp-content\/uploads\/2022\/09\/coach-de-salud-mental.jpg?wsr",500,500,false],"woocommerce_gallery_thumbnail":["https:\/\/learn.gthu.org\/wp-content\/uploads\/2022\/09\/coach-de-salud-mental-100x100.jpg?wsr",100,100,true]},"uagb_author_info":{"display_name":"giannis","author_link":"https:\/\/learn.gthu.org\/en\/author\/"},"uagb_comment_info":0,"uagb_excerpt":"\u00bfQuiere ampliar su formaci\u00f3n en salud mental? Los asesores de salud mental ayudan a las personas y a las comunidades religiosas a aprender a gestionar las emociones, reducir el estr\u00e9s y la ansiedad, cuestionar los patrones de pensamiento negativos y mejorar las habilidades relacionales, todo lo cual favorece la salud mental. Tambi\u00e9n aprender\u00e1s a mantener&hellip;","_links":{"self":[{"href":"https:\/\/learn.gthu.org\/en\/wp-json\/wp\/v2\/product\/40730","targetHints":{"allow":["GET"]}}],"collection":[{"href":"https:\/\/learn.gthu.org\/en\/wp-json\/wp\/v2\/product"}],"about":[{"href":"https:\/\/learn.gthu.org\/en\/wp-json\/wp\/v2\/types\/product"}],"replies":[{"embeddable":true,"href":"https:\/\/learn.gthu.org\/en\/wp-json\/wp\/v2\/comments?post=40730"}],"wp:featuredmedia":[{"embeddable":true,"href":"https:\/\/learn.gthu.org\/en\/wp-json\/wp\/v2\/media\/30986"}],"wp:attachment":[{"href":"https:\/\/learn.gthu.org\/en\/wp-json\/wp\/v2\/media?parent=40730"}],"wp:term":[{"taxonomy":"product_brand","embeddable":true,"href":"https:\/\/learn.gthu.org\/en\/wp-json\/wp\/v2\/product_brand?post=40730"},{"taxonomy":"product_cat","embeddable":true,"href":"https:\/\/learn.gthu.org\/en\/wp-json\/wp\/v2\/product_cat?post=40730"},{"taxonomy":"product_tag","embeddable":true,"href":"https:\/\/learn.gthu.org\/en\/wp-json\/wp\/v2\/product_tag?post=40730"}],"curies":[{"name":"wp","href":"https:\/\/api.w.org\/{rel}","templated":true}]}}