{"id":39308,"date":"2024-08-14T12:46:03","date_gmt":"2024-08-14T17:46:03","guid":{"rendered":"https:\/\/learn.gthu.org\/?post_type=product&#038;p=39308"},"modified":"2025-02-12T16:54:53","modified_gmt":"2025-02-12T22:54:53","slug":"nino-y-adolescente","status":"publish","type":"product","link":"https:\/\/learn.gthu.org\/en\/product\/nino-y-adolescente\/","title":{"rendered":"Ni\u00f1o y adolescente"},"content":{"rendered":"","protected":false},"excerpt":{"rendered":"<p>La mitad de los trastornos mentales cr\u00f3nicos comienzan antes de los 14 a\u00f1os y tres cuartas partes antes de los 24 a\u00f1os. La mayor\u00eda de las personas no reciben tratamiento. Para los que tienen la suerte de recibir tratamiento, la media de tiempo entre el inicio y el tratamiento es de 11 a\u00f1os. Imaginemos una chica de 15 a\u00f1os con un trastorno alimentario que no recibe tratamiento hasta los 26 a\u00f1os.<\/p>\n<p>En este curso de especializaci\u00f3n para entrenadores de salud mental, aprender\u00e1 a ayudar a identificar precozmente las dificultades de salud mental o conductual y a conectar a la familia con el tratamiento y el apoyo adecuados. Tambi\u00e9n obtendr\u00e1 habilidades, herramientas y recursos para apoyar a los padres y cuidadores, para que puedan apoyar a su hijo. Adem\u00e1s, aprender\u00e1 a educar y apoyar a las familias para que puedan crear un entorno en casa que favorezca el bienestar mental de sus ni\u00f1os y adolescentes.<\/p>\n<p><strong>La formaci\u00f3n de entrenador de salud mental es un requisito previo para este curso.<\/strong><\/p>\n","protected":false},"featured_media":30992,"comment_status":"closed","ping_status":"closed","template":"","meta":{"_acf_changed":false,"_seopress_robots_primary_cat":"none","_seopress_titles_title":"","_seopress_titles_desc":"","_seopress_robots_index":"","_uag_custom_page_level_css":""},"product_brand":[],"product_cat":[302,305],"product_tag":[],"class_list":{"0":"post-39308","1":"product","2":"type-product","3":"status-publish","4":"has-post-thumbnail","6":"product_cat-spanish-courses","7":"product_cat-speciality-courses","9":"first","10":"instock","11":"virtual","12":"sold-individually","13":"purchasable","14":"product-type-simple"},"bundled_by":["40730"],"bundle_stock_status":"instock","bundle_stock_quantity":null,"bundle_virtual":false,"bundle_layout":"","bundle_add_to_cart_form_location":"","bundle_editable_in_cart":false,"bundle_sold_individually_context":"","bundle_item_grouping":"","bundle_min_size":"","bundle_max_size":"","bundle_price":[],"bundled_items":[],"bundle_sell_ids":[],"acf":[],"uagb_featured_image_src":{"full":["https:\/\/learn.gthu.org\/wp-content\/uploads\/2022\/09\/nino-y-adolecente.jpg?wsr",500,500,false],"thumbnail":["https:\/\/learn.gthu.org\/wp-content\/uploads\/2022\/09\/nino-y-adolecente-150x150.jpg?wsr",150,150,true],"medium":["https:\/\/learn.gthu.org\/wp-content\/uploads\/2022\/09\/nino-y-adolecente-300x300.jpg?wsr",300,300,true],"medium_large":["https:\/\/learn.gthu.org\/wp-content\/uploads\/2022\/09\/nino-y-adolecente.jpg?wsr",500,500,false],"large":["https:\/\/learn.gthu.org\/wp-content\/uploads\/2022\/09\/nino-y-adolecente.jpg?wsr",500,500,false],"1536x1536":["https:\/\/learn.gthu.org\/wp-content\/uploads\/2022\/09\/nino-y-adolecente.jpg?wsr",500,500,false],"2048x2048":["https:\/\/learn.gthu.org\/wp-content\/uploads\/2022\/09\/nino-y-adolecente.jpg?wsr",500,500,false],"trp-custom-language-flag":["https:\/\/learn.gthu.org\/wp-content\/uploads\/2022\/09\/nino-y-adolecente.jpg?wsr",12,12,false],"uo_course_image_size":["https:\/\/learn.gthu.org\/wp-content\/uploads\/2022\/09\/nino-y-adolecente-500x468.jpg?wsr",500,468,true],"post-thumbnail":["https:\/\/learn.gthu.org\/wp-content\/uploads\/2022\/09\/nino-y-adolecente.jpg?wsr",500,500,false],"gform-image-choice-sm":["https:\/\/learn.gthu.org\/wp-content\/uploads\/2022\/09\/nino-y-adolecente.jpg?wsr",300,300,false],"gform-image-choice-md":["https:\/\/learn.gthu.org\/wp-content\/uploads\/2022\/09\/nino-y-adolecente.jpg?wsr",400,400,false],"gform-image-choice-lg":["https:\/\/learn.gthu.org\/wp-content\/uploads\/2022\/09\/nino-y-adolecente.jpg?wsr",500,500,false],"woocommerce_thumbnail":["https:\/\/learn.gthu.org\/wp-content\/uploads\/2022\/09\/nino-y-adolecente-300x300.jpg?wsr",300,300,true],"woocommerce_single":["https:\/\/learn.gthu.org\/wp-content\/uploads\/2022\/09\/nino-y-adolecente.jpg?wsr",500,500,false],"woocommerce_gallery_thumbnail":["https:\/\/learn.gthu.org\/wp-content\/uploads\/2022\/09\/nino-y-adolecente-100x100.jpg?wsr",100,100,true]},"uagb_author_info":{"display_name":"PDX-Pat","author_link":"https:\/\/learn.gthu.org\/en\/author\/"},"uagb_comment_info":0,"uagb_excerpt":"La mitad de los trastornos mentales cr\u00f3nicos comienzan antes de los 14 a\u00f1os y tres cuartas partes antes de los 24 a\u00f1os. La mayor\u00eda de las personas no reciben tratamiento. Para los que tienen la suerte de recibir tratamiento, la media de tiempo entre el inicio y el tratamiento es de 11 a\u00f1os. Imaginemos una&hellip;","_links":{"self":[{"href":"https:\/\/learn.gthu.org\/en\/wp-json\/wp\/v2\/product\/39308","targetHints":{"allow":["GET"]}}],"collection":[{"href":"https:\/\/learn.gthu.org\/en\/wp-json\/wp\/v2\/product"}],"about":[{"href":"https:\/\/learn.gthu.org\/en\/wp-json\/wp\/v2\/types\/product"}],"replies":[{"embeddable":true,"href":"https:\/\/learn.gthu.org\/en\/wp-json\/wp\/v2\/comments?post=39308"}],"wp:featuredmedia":[{"embeddable":true,"href":"https:\/\/learn.gthu.org\/en\/wp-json\/wp\/v2\/media\/30992"}],"wp:attachment":[{"href":"https:\/\/learn.gthu.org\/en\/wp-json\/wp\/v2\/media?parent=39308"}],"wp:term":[{"taxonomy":"product_brand","embeddable":true,"href":"https:\/\/learn.gthu.org\/en\/wp-json\/wp\/v2\/product_brand?post=39308"},{"taxonomy":"product_cat","embeddable":true,"href":"https:\/\/learn.gthu.org\/en\/wp-json\/wp\/v2\/product_cat?post=39308"},{"taxonomy":"product_tag","embeddable":true,"href":"https:\/\/learn.gthu.org\/en\/wp-json\/wp\/v2\/product_tag?post=39308"}],"curies":[{"name":"wp","href":"https:\/\/api.w.org\/{rel}","templated":true}]}}